{"id":1000,"date":"2025-07-06T23:11:24","date_gmt":"2025-07-06T20:11:24","guid":{"rendered":"https:\/\/www.hardlexgroup.com.tr\/?page_id=1000"},"modified":"2025-10-21T23:57:13","modified_gmt":"2025-10-21T20:57:13","slug":"qr-menu-ai-assistant","status":"publish","type":"page","link":"https:\/\/www.hardlexgroup.com.tr\/tr\/qr-menu-ai-assistant\/","title":{"rendered":"Yapay Zeka Destekli QR Men\u00fc Asistan\u0131"},"content":{"rendered":"<div data-elementor-type=\"wp-page\" data-elementor-id=\"1000\" class=\"elementor elementor-1000\">\n\t\t\t\t<div class=\"elementor-element elementor-element-3886b2b e-flex e-con-boxed e-con e-parent\" data-id=\"3886b2b\" data-element_type=\"container\">\n\t\t\t\t\t<div class=\"e-con-inner\">\n\t\t\t\t\t<\/div>\n\t\t\t\t<\/div>\n\t\t<div class=\"elementor-element elementor-element-f96a13f e-flex e-con-boxed e-con e-parent\" data-id=\"f96a13f\" data-element_type=\"container\">\n\t\t\t\t\t<div class=\"e-con-inner\">\n\t\t\t\t<div class=\"elementor-element elementor-element-07a2b05 elementor-widget elementor-widget-heading\" data-id=\"07a2b05\" data-element_type=\"widget\" data-widget_type=\"heading.default\">\n\t\t\t\t<div class=\"elementor-widget-container\">\n\t\t\t\t\t<h1 class=\"elementor-heading-title elementor-size-default\">Yapay Zeka Destekli QR Men\u00fc Asistan\u0131<\/h1>\t\t\t\t<\/div>\n\t\t\t\t<\/div>\n\t\t\t\t\t<\/div>\n\t\t\t\t<\/div>\n\t\t<div class=\"elementor-element elementor-element-4f3d65b e-flex e-con-boxed e-con e-parent\" data-id=\"4f3d65b\" data-element_type=\"container\">\n\t\t\t\t\t<div class=\"e-con-inner\">\n\t\t<div class=\"elementor-element elementor-element-22df0df e-con-full elementor-hidden-mobile e-flex e-con e-child\" data-id=\"22df0df\" data-element_type=\"container\">\n\t\t\t\t<div class=\"elementor-element elementor-element-d9f4e84 elementor-widget elementor-widget-image\" data-id=\"d9f4e84\" data-element_type=\"widget\" data-widget_type=\"image.default\">\n\t\t\t\t<div class=\"elementor-widget-container\">\n\t\t\t\t\t\t\t\t\t\t\t\t\t\t\t<img fetchpriority=\"high\" decoding=\"async\" width=\"500\" height=\"500\" src=\"https:\/\/www.hardlexgroup.com.tr\/wp-content\/uploads\/2025\/07\/hdxqr.jpg\" class=\"attachment-large size-large wp-image-1005\" alt=\"rwgrwgweg\" srcset=\"https:\/\/www.hardlexgroup.com.tr\/wp-content\/uploads\/2025\/07\/hdxqr.jpg 500w, https:\/\/www.hardlexgroup.com.tr\/wp-content\/uploads\/2025\/07\/hdxqr-300x300.jpg 300w, https:\/\/www.hardlexgroup.com.tr\/wp-content\/uploads\/2025\/07\/hdxqr-150x150.jpg 150w, https:\/\/www.hardlexgroup.com.tr\/wp-content\/uploads\/2025\/07\/hdxqr-12x12.jpg 12w\" sizes=\"(max-width: 500px) 100vw, 500px\" \/>\t\t\t\t\t\t\t\t\t\t\t\t\t\t\t<\/div>\n\t\t\t\t<\/div>\n\t\t\t\t<\/div>\n\t\t<div class=\"elementor-element elementor-element-0b82506 e-con-full e-flex e-con e-child\" data-id=\"0b82506\" data-element_type=\"container\">\n\t\t\t\t<div class=\"elementor-element elementor-element-26142a4 elementor-widget elementor-widget-heading\" data-id=\"26142a4\" data-element_type=\"widget\" data-widget_type=\"heading.default\">\n\t\t\t\t<div class=\"elementor-widget-container\">\n\t\t\t\t\t<h2 class=\"elementor-heading-title elementor-size-default\">Restoran\u0131n\u0131z\u0131n veya kafenizin QR men\u00fcs\u00fcn\u00fc 7\/24, 95'ten fazla dilde sunan bir yapay zeka asistan\u0131na sahip olmaya ne dersiniz?<\/h2>\t\t\t\t<\/div>\n\t\t\t\t<\/div>\n\t\t\t\t<\/div>\n\t\t\t\t\t<\/div>\n\t\t\t\t<\/div>\n\t\t<div class=\"elementor-element elementor-element-1d07940 e-flex e-con-boxed e-con e-parent\" data-id=\"1d07940\" data-element_type=\"container\">\n\t\t\t\t\t<div class=\"e-con-inner\">\n\t\t<div class=\"elementor-element elementor-element-f8c3c94 e-con-full e-flex e-con e-child\" data-id=\"f8c3c94\" data-element_type=\"container\">\n\t\t\t\t<div class=\"elementor-element elementor-element-4a02978 elementor-widget elementor-widget-text-editor\" data-id=\"4a02978\" data-element_type=\"widget\" data-widget_type=\"text-editor.default\">\n\t\t\t\t<div class=\"elementor-widget-container\">\n\t\t\t\t\t\t\t\t\t<h3 style=\"text-align: left;\" data-start=\"179\" data-end=\"247\"><span style=\"color: #ffffff;\">Ak\u0131ll\u0131 QR Men\u00fc Asistan\u0131 \u2013 Temass\u0131z Dijital Men\u00fc \u00c7\u00f6z\u00fcm\u00fcn\u00fcz<\/span><\/h3><p style=\"text-align: left;\" data-start=\"249\" data-end=\"575\"><span style=\"color: #ffffff;\"><strong data-start=\"249\" data-end=\"310\">Dijital inovasyon ile m\u00fc\u015fteri deneyiminizi d\u00f6n\u00fc\u015ft\u00fcr\u00fcn.<\/strong><\/span><br data-start=\"310\" data-end=\"313\" \/><span style=\"color: #ffffff;\">QR Men\u00fc Asistan\u0131, restoran, kafe, otel ve benzeri i\u015fletmeler i\u00e7in geli\u015ftirilen h\u0131zl\u0131, mobil uyumlu ve tamamen temass\u0131z bir dijital men\u00fc sistemidir. M\u00fc\u015fteriler masalardaki QR kodlar\u0131 tarayarak men\u00fcn\u00fcze an\u0131nda ula\u015fabilir; hi\u00e7bir uygulama indirmeye gerek kalmaz.<\/span><\/p><h3 style=\"text-align: left;\" data-start=\"577\" data-end=\"614\"><span style=\"color: #ffffff;\">Neden QR Men\u00fc Asistan\u0131?<\/span><\/h3><ul style=\"text-align: left;\" data-start=\"616\" data-end=\"1130\"><li data-start=\"616\" data-end=\"697\"><p data-start=\"618\" data-end=\"697\"><span style=\"color: #ffffff;\"><strong data-start=\"618\" data-end=\"644\">Temass\u0131z Deneyim:<\/strong>G\u00fcvenli, hijyenik ve modern bir men\u00fc gezintisi sunar.<\/span><\/p><\/li><li data-start=\"698\" data-end=\"766\"><p data-start=\"700\" data-end=\"766\"><span style=\"color: #ffffff;\"><strong data-start=\"700\" data-end=\"726\">Mobil Uyumlu Tasar\u0131m<\/strong>T\u00fcm cihazlarda sorunsuz ve uyumlu g\u00f6r\u00fcn\u00fcm sa\u011flar.<\/span><\/p><\/li><li data-start=\"767\" data-end=\"842\"><p data-start=\"769\" data-end=\"842\"><span style=\"color: #ffffff;\"><strong data-start=\"769\" data-end=\"790\">Ger\u00e7ek Zamanl\u0131 G\u00fcncellemeler<\/strong>Fiyat, a\u00e7\u0131klama ve g\u00f6rselleri an\u0131nda de\u011fi\u015ftirme imkan\u0131.<\/span><\/p><\/li><li data-start=\"843\" data-end=\"933\"><p data-start=\"845\" data-end=\"933\"><span style=\"color: #ffffff;\"><strong data-start=\"845\" data-end=\"872\">Kullan\u0131c\u0131 Dostu Aray\u00fcz<\/strong>Kolay ve h\u0131zl\u0131 men\u00fc gezintisi ile \u00fcst\u00fcn m\u00fc\u015fteri deneyimi.<\/span><\/p><\/li><li data-start=\"934\" data-end=\"1033\"><p data-start=\"936\" data-end=\"1033\"><span style=\"color: #ffffff;\"><strong data-start=\"936\" data-end=\"962\">\u00c7ok Dilli Destek<\/strong>\u0130ngilizce ve di\u011fer diller ile yabanc\u0131 misafirlere \u00f6zel hizmet.<\/span><\/p><\/li><li data-start=\"1034\" data-end=\"1130\"><p data-start=\"1036\" data-end=\"1130\"><span style=\"color: #ffffff;\"><strong data-start=\"1036\" data-end=\"1058\">Payla\u015f\u0131labilir Men\u00fc Linki:<\/strong>Men\u00fcn\u00fcz\u00fc web sitesi, WhatsApp veya sosyal medya \u00fczerinden payla\u015fabilirsiniz.<\/span><\/p><\/li><\/ul><h3 style=\"text-align: left;\" data-start=\"1132\" data-end=\"1146\"><span style=\"color: #ffffff;\">Kimler \u0130\u00e7in Uygun?<\/span><\/h3><ul style=\"text-align: left;\" data-start=\"1148\" data-end=\"1277\"><li data-start=\"1148\" data-end=\"1173\"><p data-start=\"1150\" data-end=\"1173\"><span style=\"color: #ffffff;\">Restoranlar ve Kafeler<\/span><\/p><\/li><li data-start=\"1174\" data-end=\"1200\"><p data-start=\"1176\" data-end=\"1200\"><span style=\"color: #ffffff;\">Oteller ve Beach Club\u2019lar<\/span><\/p><\/li><li data-start=\"1201\" data-end=\"1221\"><p data-start=\"1203\" data-end=\"1221\"><span style=\"color: #ffffff;\">Barlar ve Bistro\u2019lar<\/span><\/p><\/li><li data-start=\"1222\" data-end=\"1247\"><p data-start=\"1224\" data-end=\"1247\"><span style=\"color: #ffffff;\">Food Truck \u0130\u015fletmeleri<\/span><\/p><\/li><li data-start=\"1248\" data-end=\"1277\"><p data-start=\"1250\" data-end=\"1277\"><span style=\"color: #ffffff;\">Kurumsal Yemekhaneler<\/span><\/p><\/li><\/ul><p style=\"text-align: left;\" data-start=\"1279\" data-end=\"1388\"><span style=\"color: #ffffff;\">\u0130\u015fletmenizi dijital \u00e7a\u011fa ta\u015f\u0131y\u0131n. Ak\u0131ll\u0131 QR Men\u00fc Asistan\u0131 ile inovasyon ve kolayl\u0131k bir arada.<\/span><\/p>\t\t\t\t\t\t\t\t<\/div>\n\t\t\t\t<\/div>\n\t\t\t\t<\/div>\n\t\t\t\t\t<\/div>\n\t\t\t\t<\/div>\n\t\t<div class=\"elementor-element elementor-element-2655d7c elementor-hidden-desktop elementor-hidden-tablet elementor-hidden-mobile e-flex e-con-boxed e-con e-parent\" data-id=\"2655d7c\" data-element_type=\"container\">\n\t\t\t\t\t<div class=\"e-con-inner\">\n\t\t<div class=\"elementor-element elementor-element-28bf5b2 e-con-full e-flex e-con e-child\" data-id=\"28bf5b2\" data-element_type=\"container\">\n\t\t\t\t<div class=\"elementor-element elementor-element-3a04b8c elementor-widget elementor-widget-image\" data-id=\"3a04b8c\" data-element_type=\"widget\" data-widget_type=\"image.default\">\n\t\t\t\t<div class=\"elementor-widget-container\">\n\t\t\t\t\t\t\t\t\t\t\t\t\t\t\t<img decoding=\"async\" width=\"724\" height=\"1024\" data-src=\"https:\/\/www.hardlexgroup.com.tr\/wp-content\/uploads\/2025\/07\/1-724x1024.png\" class=\"attachment-large size-large wp-image-1012 lazyload\" alt=\"htrhthjtht\" data-srcset=\"https:\/\/www.hardlexgroup.com.tr\/wp-content\/uploads\/2025\/07\/1-724x1024.png 724w, https:\/\/www.hardlexgroup.com.tr\/wp-content\/uploads\/2025\/07\/1-212x300.png 212w, https:\/\/www.hardlexgroup.com.tr\/wp-content\/uploads\/2025\/07\/1-768x1086.png 768w, https:\/\/www.hardlexgroup.com.tr\/wp-content\/uploads\/2025\/07\/1-1086x1536.png 1086w, https:\/\/www.hardlexgroup.com.tr\/wp-content\/uploads\/2025\/07\/1-1448x2048.png 1448w, https:\/\/www.hardlexgroup.com.tr\/wp-content\/uploads\/2025\/07\/1-8x12.png 8w, https:\/\/www.hardlexgroup.com.tr\/wp-content\/uploads\/2025\/07\/1.png 1587w\" data-sizes=\"(max-width: 724px) 100vw, 724px\" src=\"data:image\/svg+xml;base64,PHN2ZyB3aWR0aD0iMSIgaGVpZ2h0PSIxIiB4bWxucz0iaHR0cDovL3d3dy53My5vcmcvMjAwMC9zdmciPjwvc3ZnPg==\" style=\"--smush-placeholder-width: 724px; --smush-placeholder-aspect-ratio: 724\/1024;\" \/>\t\t\t\t\t\t\t\t\t\t\t\t\t\t\t<\/div>\n\t\t\t\t<\/div>\n\t\t\t\t<\/div>\n\t\t<div class=\"elementor-element elementor-element-9bab032 e-con-full e-flex e-con e-child\" data-id=\"9bab032\" data-element_type=\"container\">\n\t\t\t\t<div class=\"elementor-element elementor-element-fd5c854 elementor-widget elementor-widget-image\" data-id=\"fd5c854\" data-element_type=\"widget\" data-widget_type=\"image.default\">\n\t\t\t\t<div class=\"elementor-widget-container\">\n\t\t\t\t\t\t\t\t\t\t\t\t\t\t\t<img decoding=\"async\" width=\"724\" height=\"1024\" data-src=\"https:\/\/www.hardlexgroup.com.tr\/wp-content\/uploads\/2025\/07\/2-724x1024.png\" class=\"attachment-large size-large wp-image-1014 lazyload\" alt=\"lsslsllsslsl\" data-srcset=\"https:\/\/www.hardlexgroup.com.tr\/wp-content\/uploads\/2025\/07\/2-724x1024.png 724w, https:\/\/www.hardlexgroup.com.tr\/wp-content\/uploads\/2025\/07\/2-212x300.png 212w, https:\/\/www.hardlexgroup.com.tr\/wp-content\/uploads\/2025\/07\/2-768x1086.png 768w, https:\/\/www.hardlexgroup.com.tr\/wp-content\/uploads\/2025\/07\/2-1086x1536.png 1086w, https:\/\/www.hardlexgroup.com.tr\/wp-content\/uploads\/2025\/07\/2-1448x2048.png 1448w, https:\/\/www.hardlexgroup.com.tr\/wp-content\/uploads\/2025\/07\/2-8x12.png 8w, https:\/\/www.hardlexgroup.com.tr\/wp-content\/uploads\/2025\/07\/2.png 1587w\" data-sizes=\"(max-width: 724px) 100vw, 724px\" src=\"data:image\/svg+xml;base64,PHN2ZyB3aWR0aD0iMSIgaGVpZ2h0PSIxIiB4bWxucz0iaHR0cDovL3d3dy53My5vcmcvMjAwMC9zdmciPjwvc3ZnPg==\" style=\"--smush-placeholder-width: 724px; --smush-placeholder-aspect-ratio: 724\/1024;\" \/>\t\t\t\t\t\t\t\t\t\t\t\t\t\t\t<\/div>\n\t\t\t\t<\/div>\n\t\t\t\t<\/div>\n\t\t\t\t\t<\/div>\n\t\t\t\t<\/div>\n\t\t\t\t<\/div>","protected":false},"excerpt":{"rendered":"<p>AI-Powered QR Menu Assistant How about having an AI assistant that serves your restaurant or caf\u00e9&#8217;s QR menu 24\/7 in over 95 languages? Smart QR Menu Assistant \u2013 Your Contactless Digital Menu Solution Transform your dining experience with digital innovation.The QR Menu Assistant is a fast, mobile-friendly, and fully contactless [&hellip;]<\/p>","protected":false},"author":1,"featured_media":0,"parent":0,"menu_order":0,"comment_status":"closed","ping_status":"closed","template":"","meta":{"_monsterinsights_skip_tracking":false,"_monsterinsights_sitenote_active":false,"_monsterinsights_sitenote_note":"","_monsterinsights_sitenote_category":0,"site-sidebar-layout":"no-sidebar","site-content-layout":"","ast-site-content-layout":"full-width-container","site-content-style":"default","site-sidebar-style":"default","ast-global-header-display":"","ast-banner-title-visibility":"","ast-main-header-display":"","ast-hfb-above-header-display":"","ast-hfb-below-header-display":"","ast-hfb-mobile-header-display":"","site-post-title":"disabled","ast-breadcrumbs-content":"","ast-featured-img":"disabled","footer-sml-layout":"","theme-transparent-header-meta":"","adv-header-id-meta":"","stick-header-meta":"","header-above-stick-meta":"","header-main-stick-meta":"","header-below-stick-meta":"","astra-migrate-meta-layouts":"default","ast-page-background-enabled":"default","ast-page-background-meta":{"desktop":{"background-color":"var(--ast-global-color-4)","background-image":"","background-repeat":"repeat","background-position":"center center","background-size":"auto","background-attachment":"scroll","background-type":"","background-media":"","overlay-type":"","overlay-color":"","overlay-opacity":"","overlay-gradient":""},"tablet":{"background-color":"","background-image":"","background-repeat":"repeat","background-position":"center center","background-size":"auto","background-attachment":"scroll","background-type":"","background-media":"","overlay-type":"","overlay-color":"","overlay-opacity":"","overlay-gradient":""},"mobile":{"background-color":"","background-image":"","background-repeat":"repeat","background-position":"center center","background-size":"auto","background-attachment":"scroll","background-type":"","background-media":"","overlay-type":"","overlay-color":"","overlay-opacity":"","overlay-gradient":""}},"ast-content-background-meta":{"desktop":{"background-color":"var(--ast-global-color-5)","background-image":"","background-repeat":"repeat","background-position":"center center","background-size":"auto","background-attachment":"scroll","background-type":"","background-media":"","overlay-type":"","overlay-color":"","overlay-opacity":"","overlay-gradient":""},"tablet":{"background-color":"var(--ast-global-color-5)","background-image":"","background-repeat":"repeat","background-position":"center center","background-size":"auto","background-attachment":"scroll","background-type":"","background-media":"","overlay-type":"","overlay-color":"","overlay-opacity":"","overlay-gradient":""},"mobile":{"background-color":"var(--ast-global-color-5)","background-image":"","background-repeat":"repeat","background-position":"center center","background-size":"auto","background-attachment":"scroll","background-type":"","background-media":"","overlay-type":"","overlay-color":"","overlay-opacity":"","overlay-gradient":""}},"footnotes":""},"class_list":["post-1000","page","type-page","status-publish","hentry"],"yoast_head":"<!-- This site is optimized with the Yoast SEO plugin v26.4 - https:\/\/yoast.com\/wordpress\/plugins\/seo\/ -->\n<title>QR Menu AI Assistant | Smart QR Menu System Powered by AI<\/title>\n<meta name=\"description\" content=\"Enhance your restaurant experience with the QR Menu AI Assistant. Automatically respond to customer inquiries, showcase your digital menu, and boost engagement through artificial intelligence.\" \/>\n<meta name=\"robots\" content=\"index, follow, max-snippet:-1, max-image-preview:large, max-video-preview:-1\" \/>\n<link rel=\"canonical\" href=\"https:\/\/www.hardlexgroup.com.tr\/tr\/qr-menu-ai-assistant\/\" \/>\n<meta property=\"og:locale\" content=\"tr_TR\" \/>\n<meta property=\"og:type\" content=\"article\" \/>\n<meta property=\"og:title\" content=\"QR Menu AI Assistant | Smart QR Menu System Powered by AI\" \/>\n<meta property=\"og:description\" content=\"Enhance your restaurant experience with the QR Menu AI Assistant. Automatically respond to customer inquiries, showcase your digital menu, and boost engagement through artificial intelligence.\" \/>\n<meta property=\"og:url\" content=\"https:\/\/www.hardlexgroup.com.tr\/tr\/qr-menu-ai-assistant\/\" \/>\n<meta property=\"og:site_name\" content=\"Hardlex Group Artificial Intelligence\" \/>\n<meta property=\"article:modified_time\" content=\"2025-10-21T20:57:13+00:00\" \/>\n<meta property=\"og:image\" content=\"http:\/\/www.hardlexgroup.com.tr\/wp-content\/uploads\/2025\/07\/hdxqr.jpg\" \/>\n<meta name=\"twitter:card\" content=\"summary_large_image\" \/>\n<meta name=\"twitter:label1\" content=\"Tahmini okuma s\u00fcresi\" \/>\n\t<meta name=\"twitter:data1\" content=\"2 dakika\" \/>\n<script type=\"application\/ld+json\" class=\"yoast-schema-graph\">{\"@context\":\"https:\/\/schema.org\",\"@graph\":[{\"@type\":\"WebPage\",\"@id\":\"https:\/\/www.hardlexgroup.com.tr\/tr\/qr-menu-ai-assistant\/\",\"url\":\"https:\/\/www.hardlexgroup.com.tr\/tr\/qr-menu-ai-assistant\/\",\"name\":\"QR Menu AI Assistant | Smart QR Menu System Powered by AI\",\"isPartOf\":{\"@id\":\"https:\/\/www.hardlexgroup.com.tr\/#website\"},\"primaryImageOfPage\":{\"@id\":\"https:\/\/www.hardlexgroup.com.tr\/tr\/qr-menu-ai-assistant\/#primaryimage\"},\"image\":{\"@id\":\"https:\/\/www.hardlexgroup.com.tr\/tr\/qr-menu-ai-assistant\/#primaryimage\"},\"thumbnailUrl\":\"http:\/\/www.hardlexgroup.com.tr\/wp-content\/uploads\/2025\/07\/hdxqr.jpg\",\"datePublished\":\"2025-07-06T20:11:24+00:00\",\"dateModified\":\"2025-10-21T20:57:13+00:00\",\"description\":\"Enhance your restaurant experience with the QR Menu AI Assistant. Automatically respond to customer inquiries, showcase your digital menu, and boost engagement through artificial intelligence.\",\"breadcrumb\":{\"@id\":\"https:\/\/www.hardlexgroup.com.tr\/tr\/qr-menu-ai-assistant\/#breadcrumb\"},\"inLanguage\":\"tr\",\"potentialAction\":[{\"@type\":\"ReadAction\",\"target\":[\"https:\/\/www.hardlexgroup.com.tr\/tr\/qr-menu-ai-assistant\/\"]}]},{\"@type\":\"ImageObject\",\"inLanguage\":\"tr\",\"@id\":\"https:\/\/www.hardlexgroup.com.tr\/tr\/qr-menu-ai-assistant\/#primaryimage\",\"url\":\"http:\/\/www.hardlexgroup.com.tr\/wp-content\/uploads\/2025\/07\/hdxqr.jpg\",\"contentUrl\":\"http:\/\/www.hardlexgroup.com.tr\/wp-content\/uploads\/2025\/07\/hdxqr.jpg\"},{\"@type\":\"BreadcrumbList\",\"@id\":\"https:\/\/www.hardlexgroup.com.tr\/tr\/qr-menu-ai-assistant\/#breadcrumb\",\"itemListElement\":[{\"@type\":\"ListItem\",\"position\":1,\"name\":\"Anasayfa\",\"item\":\"https:\/\/www.hardlexgroup.com.tr\/\"},{\"@type\":\"ListItem\",\"position\":2,\"name\":\"AI-Powered QR Menu Assistant\"}]},{\"@type\":\"WebSite\",\"@id\":\"https:\/\/www.hardlexgroup.com.tr\/#website\",\"url\":\"https:\/\/www.hardlexgroup.com.tr\/\",\"name\":\"Hardlex Group Artificial Intelligence\",\"description\":\"\u00c7ok Y\u00f6nl\u00fc Yapay Zeka \u00c7\u00f6z\u00fcmleri\",\"publisher\":{\"@id\":\"https:\/\/www.hardlexgroup.com.tr\/#organization\"},\"potentialAction\":[{\"@type\":\"SearchAction\",\"target\":{\"@type\":\"EntryPoint\",\"urlTemplate\":\"https:\/\/www.hardlexgroup.com.tr\/?s={search_term_string}\"},\"query-input\":{\"@type\":\"PropertyValueSpecification\",\"valueRequired\":true,\"valueName\":\"search_term_string\"}}],\"inLanguage\":\"tr\"},{\"@type\":\"Organization\",\"@id\":\"https:\/\/www.hardlexgroup.com.tr\/#organization\",\"name\":\"Hardlex Group Artificial Intelligence | T\u00fcrkiye Lider Yapay Zeka \u015eirketi\",\"url\":\"https:\/\/www.hardlexgroup.com.tr\/\",\"logo\":{\"@type\":\"ImageObject\",\"inLanguage\":\"tr\",\"@id\":\"https:\/\/www.hardlexgroup.com.tr\/#\/schema\/logo\/image\/\",\"url\":\"https:\/\/www.hardlexgroup.com.tr\/wp-content\/uploads\/2024\/09\/H2D-fotor-20240920143715.png\",\"contentUrl\":\"https:\/\/www.hardlexgroup.com.tr\/wp-content\/uploads\/2024\/09\/H2D-fotor-20240920143715.png\",\"width\":654,\"height\":654,\"caption\":\"Hardlex Group Artificial Intelligence | T\u00fcrkiye Lider Yapay Zeka \u015eirketi\"},\"image\":{\"@id\":\"https:\/\/www.hardlexgroup.com.tr\/#\/schema\/logo\/image\/\"}}]}<\/script>\n<!-- \/ Yoast SEO plugin. -->","yoast_head_json":{"title":"QR Menu AI Assistant | Smart QR Menu System Powered by AI","description":"Enhance your restaurant experience with the QR Menu AI Assistant. Automatically respond to customer inquiries, showcase your digital menu, and boost engagement through artificial intelligence.","robots":{"index":"index","follow":"follow","max-snippet":"max-snippet:-1","max-image-preview":"max-image-preview:large","max-video-preview":"max-video-preview:-1"},"canonical":"https:\/\/www.hardlexgroup.com.tr\/tr\/qr-menu-ai-assistant\/","og_locale":"tr_TR","og_type":"article","og_title":"QR Menu AI Assistant | Smart QR Menu System Powered by AI","og_description":"Enhance your restaurant experience with the QR Menu AI Assistant. Automatically respond to customer inquiries, showcase your digital menu, and boost engagement through artificial intelligence.","og_url":"https:\/\/www.hardlexgroup.com.tr\/tr\/qr-menu-ai-assistant\/","og_site_name":"Hardlex Group Artificial Intelligence","article_modified_time":"2025-10-21T20:57:13+00:00","og_image":[{"url":"http:\/\/www.hardlexgroup.com.tr\/wp-content\/uploads\/2025\/07\/hdxqr.jpg","type":"","width":"","height":""}],"twitter_card":"summary_large_image","twitter_misc":{"Tahmini okuma s\u00fcresi":"2 dakika"},"schema":{"@context":"https:\/\/schema.org","@graph":[{"@type":"WebPage","@id":"https:\/\/www.hardlexgroup.com.tr\/tr\/qr-menu-ai-assistant\/","url":"https:\/\/www.hardlexgroup.com.tr\/tr\/qr-menu-ai-assistant\/","name":"QR Menu AI Assistant | Smart QR Menu System Powered by AI","isPartOf":{"@id":"https:\/\/www.hardlexgroup.com.tr\/#website"},"primaryImageOfPage":{"@id":"https:\/\/www.hardlexgroup.com.tr\/tr\/qr-menu-ai-assistant\/#primaryimage"},"image":{"@id":"https:\/\/www.hardlexgroup.com.tr\/tr\/qr-menu-ai-assistant\/#primaryimage"},"thumbnailUrl":"http:\/\/www.hardlexgroup.com.tr\/wp-content\/uploads\/2025\/07\/hdxqr.jpg","datePublished":"2025-07-06T20:11:24+00:00","dateModified":"2025-10-21T20:57:13+00:00","description":"Enhance your restaurant experience with the QR Menu AI Assistant. Automatically respond to customer inquiries, showcase your digital menu, and boost engagement through artificial intelligence.","breadcrumb":{"@id":"https:\/\/www.hardlexgroup.com.tr\/tr\/qr-menu-ai-assistant\/#breadcrumb"},"inLanguage":"tr","potentialAction":[{"@type":"ReadAction","target":["https:\/\/www.hardlexgroup.com.tr\/tr\/qr-menu-ai-assistant\/"]}]},{"@type":"ImageObject","inLanguage":"tr","@id":"https:\/\/www.hardlexgroup.com.tr\/tr\/qr-menu-ai-assistant\/#primaryimage","url":"http:\/\/www.hardlexgroup.com.tr\/wp-content\/uploads\/2025\/07\/hdxqr.jpg","contentUrl":"http:\/\/www.hardlexgroup.com.tr\/wp-content\/uploads\/2025\/07\/hdxqr.jpg"},{"@type":"BreadcrumbList","@id":"https:\/\/www.hardlexgroup.com.tr\/tr\/qr-menu-ai-assistant\/#breadcrumb","itemListElement":[{"@type":"ListItem","position":1,"name":"Anasayfa","item":"https:\/\/www.hardlexgroup.com.tr\/"},{"@type":"ListItem","position":2,"name":"AI-Powered QR Menu Assistant"}]},{"@type":"WebSite","@id":"https:\/\/www.hardlexgroup.com.tr\/#website","url":"https:\/\/www.hardlexgroup.com.tr\/","name":"Hardlex Group Artificial Intelligence","description":"\u00c7ok Y\u00f6nl\u00fc Yapay Zeka \u00c7\u00f6z\u00fcmleri","publisher":{"@id":"https:\/\/www.hardlexgroup.com.tr\/#organization"},"potentialAction":[{"@type":"SearchAction","target":{"@type":"EntryPoint","urlTemplate":"https:\/\/www.hardlexgroup.com.tr\/?s={search_term_string}"},"query-input":{"@type":"PropertyValueSpecification","valueRequired":true,"valueName":"search_term_string"}}],"inLanguage":"tr"},{"@type":"Organization","@id":"https:\/\/www.hardlexgroup.com.tr\/#organization","name":"Hardlex Group Artificial Intelligence | T\u00fcrkiye Lider Yapay Zeka \u015eirketi","url":"https:\/\/www.hardlexgroup.com.tr\/","logo":{"@type":"ImageObject","inLanguage":"tr","@id":"https:\/\/www.hardlexgroup.com.tr\/#\/schema\/logo\/image\/","url":"https:\/\/www.hardlexgroup.com.tr\/wp-content\/uploads\/2024\/09\/H2D-fotor-20240920143715.png","contentUrl":"https:\/\/www.hardlexgroup.com.tr\/wp-content\/uploads\/2024\/09\/H2D-fotor-20240920143715.png","width":654,"height":654,"caption":"Hardlex Group Artificial Intelligence | T\u00fcrkiye Lider Yapay Zeka \u015eirketi"},"image":{"@id":"https:\/\/www.hardlexgroup.com.tr\/#\/schema\/logo\/image\/"}}]}},"_links":{"self":[{"href":"https:\/\/www.hardlexgroup.com.tr\/tr\/wp-json\/wp\/v2\/pages\/1000","targetHints":{"allow":["GET"]}}],"collection":[{"href":"https:\/\/www.hardlexgroup.com.tr\/tr\/wp-json\/wp\/v2\/pages"}],"about":[{"href":"https:\/\/www.hardlexgroup.com.tr\/tr\/wp-json\/wp\/v2\/types\/page"}],"author":[{"embeddable":true,"href":"https:\/\/www.hardlexgroup.com.tr\/tr\/wp-json\/wp\/v2\/users\/1"}],"replies":[{"embeddable":true,"href":"https:\/\/www.hardlexgroup.com.tr\/tr\/wp-json\/wp\/v2\/comments?post=1000"}],"version-history":[{"count":34,"href":"https:\/\/www.hardlexgroup.com.tr\/tr\/wp-json\/wp\/v2\/pages\/1000\/revisions"}],"predecessor-version":[{"id":1087,"href":"https:\/\/www.hardlexgroup.com.tr\/tr\/wp-json\/wp\/v2\/pages\/1000\/revisions\/1087"}],"wp:attachment":[{"href":"https:\/\/www.hardlexgroup.com.tr\/tr\/wp-json\/wp\/v2\/media?parent=1000"}],"curies":[{"name":"wp","href":"https:\/\/api.w.org\/{rel}","templated":true}]}}