{"id":138,"date":"2024-09-20T00:24:56","date_gmt":"2024-09-20T00:24:56","guid":{"rendered":"https:\/\/www.hardlexgroup.com.tr\/?page_id=138"},"modified":"2024-12-09T00:32:31","modified_gmt":"2024-12-08T21:32:31","slug":"contact-us","status":"publish","type":"page","link":"https:\/\/www.hardlexgroup.com.tr\/tr\/contact-us\/","title":{"rendered":"\u0130leti\u015fim"},"content":{"rendered":"<div data-elementor-type=\"wp-page\" data-elementor-id=\"138\" class=\"elementor elementor-138\">\n\t\t\t\t<div class=\"elementor-element elementor-element-31aada6 e-flex e-con-boxed e-con e-parent\" data-id=\"31aada6\" data-element_type=\"container\">\n\t\t\t\t\t<div class=\"e-con-inner\">\n\t\t<div class=\"elementor-element elementor-element-26778ac e-con-full e-flex e-con e-child\" data-id=\"26778ac\" data-element_type=\"container\">\n\t\t\t\t<div class=\"elementor-element elementor-element-d904e5d elementor-widget elementor-widget-spacer\" data-id=\"d904e5d\" data-element_type=\"widget\" data-widget_type=\"spacer.default\">\n\t\t\t\t<div class=\"elementor-widget-container\">\n\t\t\t\t\t\t\t<div class=\"elementor-spacer\">\n\t\t\t<div class=\"elementor-spacer-inner\"><\/div>\n\t\t<\/div>\n\t\t\t\t\t\t<\/div>\n\t\t\t\t<\/div>\n\t\t\t\t<\/div>\n\t\t\t\t\t<\/div>\n\t\t\t\t<\/div>\n\t\t<div class=\"elementor-element elementor-element-1142afe e-flex e-con-boxed e-con e-parent\" data-id=\"1142afe\" data-element_type=\"container\" data-settings=\"{&quot;background_background&quot;:&quot;gradient&quot;}\">\n\t\t\t\t\t<div class=\"e-con-inner\">\n\t\t<div class=\"elementor-element elementor-element-722dbee e-con-full e-flex e-con e-child\" data-id=\"722dbee\" data-element_type=\"container\">\n\t\t\t\t<div class=\"elementor-element elementor-element-2fc3331 elementor-widget elementor-widget-shortcode\" data-id=\"2fc3331\" data-element_type=\"widget\" data-widget_type=\"shortcode.default\">\n\t\t\t\t<div class=\"elementor-widget-container\">\n\t\t\t\t\t\t\t<div class=\"elementor-shortcode\"><style id=\"wpforms-css-vars-374\">\n\t\t\t\t#wpforms-374 {\n\t\t\t\t\n\t\t\t}\n\t\t\t<\/style><div class=\"wpforms-container wpforms-container-full wpforms-render-modern\" id=\"wpforms-374\"><form id=\"wpforms-form-374\" class=\"wpforms-validate wpforms-form wpforms-ajax-form\" data-formid=\"374\" method=\"post\" enctype=\"multipart\/form-data\" action=\"\/tr\/wp-json\/wp\/v2\/pages\/138\" data-token=\"b75f9a717f76b7f449c3654840204b98\" data-token-time=\"1777919485\" data-trp-original-action=\"\/tr\/wp-json\/wp\/v2\/pages\/138\"><noscript class=\"wpforms-error-noscript\">Bu formu bitirebilmek i\u00e7in taray\u0131c\u0131n\u0131zda JavaScript&#039;i etkinle\u015ftirin.<\/noscript><div id=\"wpforms-error-noscript\" style=\"display: none;\">Bu formu bitirebilmek i\u00e7in taray\u0131c\u0131n\u0131zda JavaScript&#039;i etkinle\u015ftirin.<\/div><div class=\"wpforms-field-container\"><div id=\"wpforms-374-field_1-container\" class=\"wpforms-field wpforms-field-name\" data-field-id=\"1\"><label class=\"wpforms-field-label\" for=\"wpforms-374-field_1\">Ad Soyad <span class=\"wpforms-required-label\" aria-hidden=\"true\">*<\/span><\/label><input type=\"text\" id=\"wpforms-374-field_1\" class=\"wpforms-field-medium wpforms-field-required\" name=\"wpforms[fields][1]\" aria-errormessage=\"wpforms-374-field_1-error\" required><\/div><div id=\"wpforms-374-field_2-container\" class=\"wpforms-field wpforms-field-email\" data-field-id=\"2\"><label class=\"wpforms-field-label\" for=\"wpforms-374-field_2\">Email <span class=\"wpforms-required-label\" aria-hidden=\"true\">*<\/span><\/label><input type=\"email\" id=\"wpforms-374-field_2\" class=\"wpforms-field-medium wpforms-field-required\" name=\"wpforms[fields][2]\" spellcheck=\"false\" aria-errormessage=\"wpforms-374-field_2-error\" required><\/div>\t\t<div id=\"wpforms-374-field_4-container\"\n\t\t\tclass=\"wpforms-field wpforms-field-text\"\n\t\t\tdata-field-type=\"text\"\n\t\t\tdata-field-id=\"4\"\n\t\t\t>\n\t\t\t<label class=\"wpforms-field-label\" for=\"wpforms-374-field_4\" >Name Surname Email<\/label>\n\t\t\t<input type=\"text\" id=\"wpforms-374-field_4\" class=\"wpforms-field-medium\" name=\"wpforms[fields][4]\" >\n\t\t<\/div>\n\t\t<div id=\"wpforms-374-field_3-container\" class=\"wpforms-field wpforms-field-textarea\" data-field-id=\"3\"><label class=\"wpforms-field-label\" for=\"wpforms-374-field_3\">Konu <span class=\"wpforms-required-label\" aria-hidden=\"true\">*<\/span><\/label><textarea id=\"wpforms-374-field_3\" class=\"wpforms-field-medium wpforms-field-required\" name=\"wpforms[fields][3]\" aria-errormessage=\"wpforms-374-field_3-error\" required><\/textarea><\/div><script>\n\t\t\t\t( function() {\n\t\t\t\t\tconst style = document.createElement( 'style' );\n\t\t\t\t\tstyle.appendChild( document.createTextNode( '#wpforms-374-field_4-container { position: absolute !important; overflow: hidden !important; display: inline !important; height: 1px !important; width: 1px !important; z-index: -1000 !important; padding: 0 !important; } #wpforms-374-field_4-container input { visibility: hidden; } #wpforms-conversational-form-page #wpforms-374-field_4-container label { counter-increment: none; }' ) );\n\t\t\t\t\tdocument.head.appendChild( style );\n\t\t\t\t\tdocument.currentScript?.remove();\n\t\t\t\t} )();\n\t\t\t<\/script><\/div><!-- .wpforms-field-container --><div class=\"wpforms-submit-container\" ><input type=\"hidden\" name=\"wpforms[id]\" value=\"374\"><input type=\"hidden\" name=\"page_title\" value=\"\"><input type=\"hidden\" name=\"page_url\" value=\"https:\/\/www.hardlexgroup.com.tr\/tr\/wp-json\/wp\/v2\/pages\/138\"><input type=\"hidden\" name=\"url_referer\" value=\"\"><button type=\"submit\" name=\"wpforms[submit]\" id=\"wpforms-submit-374\" class=\"wpforms-submit\" data-alt-text=\"Sending\" data-submit-text=\"Send\" aria-live=\"assertive\" value=\"wpforms-submit\">G\u00f6nder<\/button><img decoding=\"async\" data-src=\"https:\/\/www.hardlexgroup.com.tr\/wp-content\/plugins\/wpforms-lite\/assets\/images\/submit-spin.svg\" class=\"wpforms-submit-spinner lazyload\" style=\"--smush-placeholder-width: 26px; --smush-placeholder-aspect-ratio: 26\/26;display: none;\" width=\"26\" height=\"26\" alt=\"Y\u00fckleniyor\" src=\"data:image\/svg+xml;base64,PHN2ZyB3aWR0aD0iMSIgaGVpZ2h0PSIxIiB4bWxucz0iaHR0cDovL3d3dy53My5vcmcvMjAwMC9zdmciPjwvc3ZnPg==\"><\/div><input type=\"hidden\" name=\"trp-form-language\" value=\"tr\"\/><\/form><\/div>  <!-- .wpforms-container -->\t<\/div>\n\t\t\t\t\t\t<\/div>\n\t\t\t\t<\/div>\n\t\t\t\t<\/div>\n\t\t\t\t\t<\/div>\n\t\t\t\t<\/div>\n\t\t<div class=\"elementor-element elementor-element-976e25e e-flex e-con-boxed e-con e-parent\" data-id=\"976e25e\" data-element_type=\"container\">\n\t\t\t\t\t<div class=\"e-con-inner\">\n\t\t<div class=\"elementor-element elementor-element-f94b44b e-con-full e-flex e-con e-child\" data-id=\"f94b44b\" data-element_type=\"container\">\n\t\t<div class=\"elementor-element elementor-element-0c10a33 e-con-full e-flex e-con e-child\" data-id=\"0c10a33\" data-element_type=\"container\">\n\t\t\t\t<div class=\"elementor-element elementor-element-af4e90b e-transform elementor-widget elementor-widget-heading\" data-id=\"af4e90b\" data-element_type=\"widget\" data-settings=\"{&quot;_transform_rotateZ_effect_hover&quot;:{&quot;unit&quot;:&quot;px&quot;,&quot;size&quot;:&quot;&quot;,&quot;sizes&quot;:[]},&quot;_transform_rotateZ_effect_hover_tablet&quot;:{&quot;unit&quot;:&quot;deg&quot;,&quot;size&quot;:&quot;&quot;,&quot;sizes&quot;:[]},&quot;_transform_rotateZ_effect_hover_mobile&quot;:{&quot;unit&quot;:&quot;deg&quot;,&quot;size&quot;:&quot;&quot;,&quot;sizes&quot;:[]}}\" data-widget_type=\"heading.default\">\n\t\t\t\t<div class=\"elementor-widget-container\">\n\t\t\t\t\t<p class=\"elementor-heading-title elementor-size-default\"><a href=\"https:\/\/www.hardlexgroup.com.tr\/tr\/chatbot-blog\/\">Yapay zeka merakl\u0131lar\u0131 i\u00e7in \u00f6zel olarak haz\u0131rlad\u0131\u011f\u0131m\u0131z blogumuzu ziyaret edin.<\/a><\/p>\t\t\t\t<\/div>\n\t\t\t\t<\/div>\n\t\t\t\t<\/div>\n\t\t\t\t<\/div>\n\t\t\t\t\t<\/div>\n\t\t\t\t<\/div>\n\t\t\t\t<\/div>","protected":false},"excerpt":{"rendered":"<p>Yapay zeka merakl\u0131lar\u0131 i\u00e7in \u00f6zel olarak haz\u0131rlad\u0131\u011f\u0131m\u0131z blogumuzu ziyaret edin.<\/p>","protected":false},"author":1,"featured_media":0,"parent":0,"menu_order":0,"comment_status":"closed","ping_status":"closed","template":"","meta":{"_monsterinsights_skip_tracking":false,"_monsterinsights_sitenote_active":false,"_monsterinsights_sitenote_note":"","_monsterinsights_sitenote_category":0,"site-sidebar-layout":"no-sidebar","site-content-layout":"","ast-site-content-layout":"full-width-container","site-content-style":"default","site-sidebar-style":"default","ast-global-header-display":"","ast-banner-title-visibility":"","ast-main-header-display":"","ast-hfb-above-header-display":"","ast-hfb-below-header-display":"","ast-hfb-mobile-header-display":"","site-post-title":"disabled","ast-breadcrumbs-content":"","ast-featured-img":"disabled","footer-sml-layout":"","theme-transparent-header-meta":"","adv-header-id-meta":"","stick-header-meta":"","header-above-stick-meta":"","header-main-stick-meta":"","header-below-stick-meta":"","astra-migrate-meta-layouts":"default","ast-page-background-enabled":"default","ast-page-background-meta":{"desktop":{"background-color":"var(--ast-global-color-4)","background-image":"","background-repeat":"repeat","background-position":"center center","background-size":"auto","background-attachment":"scroll","background-type":"","background-media":"","overlay-type":"","overlay-color":"","overlay-opacity":"","overlay-gradient":""},"tablet":{"background-color":"","background-image":"","background-repeat":"repeat","background-position":"center center","background-size":"auto","background-attachment":"scroll","background-type":"","background-media":"","overlay-type":"","overlay-color":"","overlay-opacity":"","overlay-gradient":""},"mobile":{"background-color":"","background-image":"","background-repeat":"repeat","background-position":"center center","background-size":"auto","background-attachment":"scroll","background-type":"","background-media":"","overlay-type":"","overlay-color":"","overlay-opacity":"","overlay-gradient":""}},"ast-content-background-meta":{"desktop":{"background-color":"var(--ast-global-color-5)","background-image":"","background-repeat":"repeat","background-position":"center center","background-size":"auto","background-attachment":"scroll","background-type":"","background-media":"","overlay-type":"","overlay-color":"","overlay-opacity":"","overlay-gradient":""},"tablet":{"background-color":"var(--ast-global-color-5)","background-image":"","background-repeat":"repeat","background-position":"center center","background-size":"auto","background-attachment":"scroll","background-type":"","background-media":"","overlay-type":"","overlay-color":"","overlay-opacity":"","overlay-gradient":""},"mobile":{"background-color":"var(--ast-global-color-5)","background-image":"","background-repeat":"repeat","background-position":"center center","background-size":"auto","background-attachment":"scroll","background-type":"","background-media":"","overlay-type":"","overlay-color":"","overlay-opacity":"","overlay-gradient":""}},"footnotes":""},"class_list":["post-138","page","type-page","status-publish","hentry"],"yoast_head":"<!-- This site is optimized with the Yoast SEO plugin v26.4 - https:\/\/yoast.com\/wordpress\/plugins\/seo\/ -->\n<title>Contact - Hardlex Group AI Solutions<\/title>\n<meta name=\"description\" content=\"Get in touch with Hardlex Group! Whether you have questions about our AI solutions or need assistance, our team is here to help. Reach out to us for expert support and discover how we can accelerate your digital transformation journey together.\" \/>\n<meta name=\"robots\" content=\"index, follow, max-snippet:-1, max-image-preview:large, max-video-preview:-1\" \/>\n<link rel=\"canonical\" href=\"https:\/\/www.hardlexgroup.com.tr\/tr\/contact-us\/\" \/>\n<meta property=\"og:locale\" content=\"tr_TR\" \/>\n<meta property=\"og:type\" content=\"article\" \/>\n<meta property=\"og:title\" content=\"Contact - Hardlex Group AI Solutions\" \/>\n<meta property=\"og:description\" content=\"Get in touch with Hardlex Group! Whether you have questions about our AI solutions or need assistance, our team is here to help. Reach out to us for expert support and discover how we can accelerate your digital transformation journey together.\" \/>\n<meta property=\"og:url\" content=\"https:\/\/www.hardlexgroup.com.tr\/tr\/contact-us\/\" \/>\n<meta property=\"og:site_name\" content=\"Hardlex Group Artificial Intelligence\" \/>\n<meta property=\"article:modified_time\" content=\"2024-12-08T21:32:31+00:00\" \/>\n<meta name=\"twitter:card\" content=\"summary_large_image\" \/>\n<script type=\"application\/ld+json\" class=\"yoast-schema-graph\">{\"@context\":\"https:\/\/schema.org\",\"@graph\":[{\"@type\":\"WebPage\",\"@id\":\"https:\/\/www.hardlexgroup.com.tr\/contact-us\/\",\"url\":\"https:\/\/www.hardlexgroup.com.tr\/contact-us\/\",\"name\":\"Contact - Hardlex Group AI Solutions\",\"isPartOf\":{\"@id\":\"https:\/\/www.hardlexgroup.com.tr\/#website\"},\"datePublished\":\"2024-09-20T00:24:56+00:00\",\"dateModified\":\"2024-12-08T21:32:31+00:00\",\"description\":\"Get in touch with Hardlex Group! Whether you have questions about our AI solutions or need assistance, our team is here to help. Reach out to us for expert support and discover how we can accelerate your digital transformation journey together.\",\"breadcrumb\":{\"@id\":\"https:\/\/www.hardlexgroup.com.tr\/contact-us\/#breadcrumb\"},\"inLanguage\":\"tr\",\"potentialAction\":[{\"@type\":\"ReadAction\",\"target\":[\"https:\/\/www.hardlexgroup.com.tr\/contact-us\/\"]}]},{\"@type\":\"BreadcrumbList\",\"@id\":\"https:\/\/www.hardlexgroup.com.tr\/contact-us\/#breadcrumb\",\"itemListElement\":[{\"@type\":\"ListItem\",\"position\":1,\"name\":\"Anasayfa\",\"item\":\"https:\/\/www.hardlexgroup.com.tr\/\"},{\"@type\":\"ListItem\",\"position\":2,\"name\":\"Contact\"}]},{\"@type\":\"WebSite\",\"@id\":\"https:\/\/www.hardlexgroup.com.tr\/#website\",\"url\":\"https:\/\/www.hardlexgroup.com.tr\/\",\"name\":\"Hardlex Group Artificial Intelligence\",\"description\":\"\u00c7ok Y\u00f6nl\u00fc Yapay Zeka \u00c7\u00f6z\u00fcmleri\",\"publisher\":{\"@id\":\"https:\/\/www.hardlexgroup.com.tr\/#organization\"},\"potentialAction\":[{\"@type\":\"SearchAction\",\"target\":{\"@type\":\"EntryPoint\",\"urlTemplate\":\"https:\/\/www.hardlexgroup.com.tr\/?s={search_term_string}\"},\"query-input\":{\"@type\":\"PropertyValueSpecification\",\"valueRequired\":true,\"valueName\":\"search_term_string\"}}],\"inLanguage\":\"tr\"},{\"@type\":\"Organization\",\"@id\":\"https:\/\/www.hardlexgroup.com.tr\/#organization\",\"name\":\"Hardlex Group Artificial Intelligence | T\u00fcrkiye Lider Yapay Zeka \u015eirketi\",\"url\":\"https:\/\/www.hardlexgroup.com.tr\/\",\"logo\":{\"@type\":\"ImageObject\",\"inLanguage\":\"tr\",\"@id\":\"https:\/\/www.hardlexgroup.com.tr\/#\/schema\/logo\/image\/\",\"url\":\"https:\/\/www.hardlexgroup.com.tr\/wp-content\/uploads\/2024\/09\/H2D-fotor-20240920143715.png\",\"contentUrl\":\"https:\/\/www.hardlexgroup.com.tr\/wp-content\/uploads\/2024\/09\/H2D-fotor-20240920143715.png\",\"width\":654,\"height\":654,\"caption\":\"Hardlex Group Artificial Intelligence | T\u00fcrkiye Lider Yapay Zeka \u015eirketi\"},\"image\":{\"@id\":\"https:\/\/www.hardlexgroup.com.tr\/#\/schema\/logo\/image\/\"}}]}<\/script>\n<!-- \/ Yoast SEO plugin. -->","yoast_head_json":{"title":"Contact - Hardlex Group AI Solutions","description":"Get in touch with Hardlex Group! Whether you have questions about our AI solutions or need assistance, our team is here to help. Reach out to us for expert support and discover how we can accelerate your digital transformation journey together.","robots":{"index":"index","follow":"follow","max-snippet":"max-snippet:-1","max-image-preview":"max-image-preview:large","max-video-preview":"max-video-preview:-1"},"canonical":"https:\/\/www.hardlexgroup.com.tr\/tr\/contact-us\/","og_locale":"tr_TR","og_type":"article","og_title":"Contact - Hardlex Group AI Solutions","og_description":"Get in touch with Hardlex Group! Whether you have questions about our AI solutions or need assistance, our team is here to help. Reach out to us for expert support and discover how we can accelerate your digital transformation journey together.","og_url":"https:\/\/www.hardlexgroup.com.tr\/tr\/contact-us\/","og_site_name":"Hardlex Group Artificial Intelligence","article_modified_time":"2024-12-08T21:32:31+00:00","twitter_card":"summary_large_image","schema":{"@context":"https:\/\/schema.org","@graph":[{"@type":"WebPage","@id":"https:\/\/www.hardlexgroup.com.tr\/contact-us\/","url":"https:\/\/www.hardlexgroup.com.tr\/contact-us\/","name":"Contact - Hardlex Group AI Solutions","isPartOf":{"@id":"https:\/\/www.hardlexgroup.com.tr\/#website"},"datePublished":"2024-09-20T00:24:56+00:00","dateModified":"2024-12-08T21:32:31+00:00","description":"Get in touch with Hardlex Group! Whether you have questions about our AI solutions or need assistance, our team is here to help. Reach out to us for expert support and discover how we can accelerate your digital transformation journey together.","breadcrumb":{"@id":"https:\/\/www.hardlexgroup.com.tr\/contact-us\/#breadcrumb"},"inLanguage":"tr","potentialAction":[{"@type":"ReadAction","target":["https:\/\/www.hardlexgroup.com.tr\/contact-us\/"]}]},{"@type":"BreadcrumbList","@id":"https:\/\/www.hardlexgroup.com.tr\/contact-us\/#breadcrumb","itemListElement":[{"@type":"ListItem","position":1,"name":"Anasayfa","item":"https:\/\/www.hardlexgroup.com.tr\/"},{"@type":"ListItem","position":2,"name":"Contact"}]},{"@type":"WebSite","@id":"https:\/\/www.hardlexgroup.com.tr\/#website","url":"https:\/\/www.hardlexgroup.com.tr\/","name":"Hardlex Group Artificial Intelligence","description":"\u00c7ok Y\u00f6nl\u00fc Yapay Zeka \u00c7\u00f6z\u00fcmleri","publisher":{"@id":"https:\/\/www.hardlexgroup.com.tr\/#organization"},"potentialAction":[{"@type":"SearchAction","target":{"@type":"EntryPoint","urlTemplate":"https:\/\/www.hardlexgroup.com.tr\/?s={search_term_string}"},"query-input":{"@type":"PropertyValueSpecification","valueRequired":true,"valueName":"search_term_string"}}],"inLanguage":"tr"},{"@type":"Organization","@id":"https:\/\/www.hardlexgroup.com.tr\/#organization","name":"Hardlex Group Artificial Intelligence | T\u00fcrkiye Lider Yapay Zeka \u015eirketi","url":"https:\/\/www.hardlexgroup.com.tr\/","logo":{"@type":"ImageObject","inLanguage":"tr","@id":"https:\/\/www.hardlexgroup.com.tr\/#\/schema\/logo\/image\/","url":"https:\/\/www.hardlexgroup.com.tr\/wp-content\/uploads\/2024\/09\/H2D-fotor-20240920143715.png","contentUrl":"https:\/\/www.hardlexgroup.com.tr\/wp-content\/uploads\/2024\/09\/H2D-fotor-20240920143715.png","width":654,"height":654,"caption":"Hardlex Group Artificial Intelligence | T\u00fcrkiye Lider Yapay Zeka \u015eirketi"},"image":{"@id":"https:\/\/www.hardlexgroup.com.tr\/#\/schema\/logo\/image\/"}}]}},"_links":{"self":[{"href":"https:\/\/www.hardlexgroup.com.tr\/tr\/wp-json\/wp\/v2\/pages\/138","targetHints":{"allow":["GET"]}}],"collection":[{"href":"https:\/\/www.hardlexgroup.com.tr\/tr\/wp-json\/wp\/v2\/pages"}],"about":[{"href":"https:\/\/www.hardlexgroup.com.tr\/tr\/wp-json\/wp\/v2\/types\/page"}],"author":[{"embeddable":true,"href":"https:\/\/www.hardlexgroup.com.tr\/tr\/wp-json\/wp\/v2\/users\/1"}],"replies":[{"embeddable":true,"href":"https:\/\/www.hardlexgroup.com.tr\/tr\/wp-json\/wp\/v2\/comments?post=138"}],"version-history":[{"count":32,"href":"https:\/\/www.hardlexgroup.com.tr\/tr\/wp-json\/wp\/v2\/pages\/138\/revisions"}],"predecessor-version":[{"id":762,"href":"https:\/\/www.hardlexgroup.com.tr\/tr\/wp-json\/wp\/v2\/pages\/138\/revisions\/762"}],"wp:attachment":[{"href":"https:\/\/www.hardlexgroup.com.tr\/tr\/wp-json\/wp\/v2\/media?parent=138"}],"curies":[{"name":"wp","href":"https:\/\/api.w.org\/{rel}","templated":true}]}}