{"id":392,"date":"2024-09-22T02:30:09","date_gmt":"2024-09-22T02:30:09","guid":{"rendered":"https:\/\/www.hardlexgroup.com.tr\/?page_id=392"},"modified":"2025-06-15T16:20:26","modified_gmt":"2025-06-15T13:20:26","slug":"hardlex-ai-special-products","status":"publish","type":"page","link":"https:\/\/www.hardlexgroup.com.tr\/tr\/hardlex-ai-special-products\/","title":{"rendered":"\u00d6zel Olarak Geli\u015ftirilmi\u015f \u00dcr\u00fcnlerimiz"},"content":{"rendered":"<div data-elementor-type=\"wp-page\" data-elementor-id=\"392\" class=\"elementor elementor-392\">\n\t\t\t\t<div class=\"elementor-element elementor-element-d475502 e-flex e-con-boxed e-con e-parent\" data-id=\"d475502\" data-element_type=\"container\">\n\t\t\t\t\t<div class=\"e-con-inner\">\n\t\t<div class=\"elementor-element elementor-element-1088800 e-con-full e-flex e-con e-child\" data-id=\"1088800\" data-element_type=\"container\">\n\t\t\t\t<\/div>\n\t\t\t\t\t<\/div>\n\t\t\t\t<\/div>\n\t\t<div class=\"elementor-element elementor-element-370e685 animated-slow e-flex e-con-boxed elementor-invisible e-con e-parent\" data-id=\"370e685\" data-element_type=\"container\" data-settings=\"{&quot;animation&quot;:&quot;fadeInUp&quot;}\">\n\t\t\t\t\t<div class=\"e-con-inner\">\n\t\t\t\t<div class=\"elementor-element elementor-element-84017fa animated-slow elementor-widget elementor-widget-heading\" data-id=\"84017fa\" data-element_type=\"widget\" data-settings=\"{&quot;_animation&quot;:&quot;none&quot;}\" data-widget_type=\"heading.default\">\n\t\t\t\t<div class=\"elementor-widget-container\">\n\t\t\t\t\t<h2 class=\"elementor-heading-title elementor-size-default\">\u00d6zel Olarak Geli\u015ftirilmi\u015f \u00dcr\u00fcnlerimiz<\/h2>\t\t\t\t<\/div>\n\t\t\t\t<\/div>\n\t\t\t\t\t<\/div>\n\t\t\t\t<\/div>\n\t\t<div class=\"elementor-element elementor-element-2ec06e0 e-flex e-con-boxed elementor-invisible e-con e-parent\" data-id=\"2ec06e0\" data-element_type=\"container\" data-settings=\"{&quot;animation&quot;:&quot;fadeInUp&quot;}\">\n\t\t\t\t\t<div class=\"e-con-inner\">\n\t\t<div class=\"elementor-element elementor-element-8c37d40 e-con-full e-flex e-con e-child\" data-id=\"8c37d40\" data-element_type=\"container\" data-settings=\"{&quot;animation&quot;:&quot;none&quot;}\">\n\t\t\t\t<div class=\"elementor-element elementor-element-5addd50 elementor-widget elementor-widget-heading\" data-id=\"5addd50\" data-element_type=\"widget\" data-settings=\"{&quot;_animation&quot;:&quot;none&quot;}\" data-widget_type=\"heading.default\">\n\t\t\t\t<div class=\"elementor-widget-container\">\n\t\t\t\t\t<h2 class=\"elementor-heading-title elementor-size-default\">Her ihtiyaca yenilik\u00e7i \u00e7\u00f6z\u00fcmler sunmak \u00fczere tasarlanm\u0131\u015f \u00d6zel \u00dcr\u00fcnlerimizi ke\u015ffedin. Zihinsel iyi olu\u015ftan g\u00fcnl\u00fck ya\u015fam\u0131n zorluklar\u0131na kadar herkese uygun bir yan\u0131t\u0131m\u0131z var. Gelece\u011fin destek deneyimini e\u015fsiz \u00fcr\u00fcnlerimizle ya\u015fay\u0131n!<\/h2>\t\t\t\t<\/div>\n\t\t\t\t<\/div>\n\t\t\t\t<\/div>\n\t\t<div class=\"elementor-element elementor-element-56a3c93 e-con-full e-flex e-con e-child\" data-id=\"56a3c93\" data-element_type=\"container\" data-settings=\"{&quot;animation&quot;:&quot;none&quot;}\">\n\t\t\t\t<div class=\"elementor-element elementor-element-f027c88 elementor-widget elementor-widget-image\" data-id=\"f027c88\" data-element_type=\"widget\" data-settings=\"{&quot;_animation&quot;:&quot;none&quot;}\" data-widget_type=\"image.default\">\n\t\t\t\t<div class=\"elementor-widget-container\">\n\t\t\t\t\t\t\t\t\t\t\t\t\t\t\t<img fetchpriority=\"high\" decoding=\"async\" width=\"1024\" height=\"1024\" src=\"https:\/\/www.hardlexgroup.com.tr\/wp-content\/uploads\/2024\/09\/ozelurunler-1024x1024.png\" class=\"attachment-large size-large wp-image-394\" alt=\"ozelurunler\" srcset=\"https:\/\/www.hardlexgroup.com.tr\/wp-content\/uploads\/2024\/09\/ozelurunler-1024x1024.png 1024w, https:\/\/www.hardlexgroup.com.tr\/wp-content\/uploads\/2024\/09\/ozelurunler-300x300.png 300w, https:\/\/www.hardlexgroup.com.tr\/wp-content\/uploads\/2024\/09\/ozelurunler-150x150.png 150w, https:\/\/www.hardlexgroup.com.tr\/wp-content\/uploads\/2024\/09\/ozelurunler-768x768.png 768w, https:\/\/www.hardlexgroup.com.tr\/wp-content\/uploads\/2024\/09\/ozelurunler-1536x1536.png 1536w, https:\/\/www.hardlexgroup.com.tr\/wp-content\/uploads\/2024\/09\/ozelurunler-2048x2048.png 2048w\" sizes=\"(max-width: 1024px) 100vw, 1024px\" \/>\t\t\t\t\t\t\t\t\t\t\t\t\t\t\t<\/div>\n\t\t\t\t<\/div>\n\t\t\t\t<\/div>\n\t\t\t\t\t<\/div>\n\t\t\t\t<\/div>\n\t\t<div class=\"elementor-element elementor-element-f5fbe64 e-flex e-con-boxed elementor-invisible e-con e-parent\" data-id=\"f5fbe64\" data-element_type=\"container\" data-settings=\"{&quot;animation&quot;:&quot;fadeInUp&quot;}\">\n\t\t\t\t\t<div class=\"e-con-inner\">\n\t\t<div class=\"elementor-element elementor-element-187fce6 e-con-full e-flex e-con e-child\" data-id=\"187fce6\" data-element_type=\"container\" data-settings=\"{&quot;animation&quot;:&quot;none&quot;}\">\n\t\t\t\t<div class=\"elementor-element elementor-element-37180b8 elementor-widget elementor-widget-heading\" data-id=\"37180b8\" data-element_type=\"widget\" data-widget_type=\"heading.default\">\n\t\t\t\t<div class=\"elementor-widget-container\">\n\t\t\t\t\t<h3 class=\"elementor-heading-title elementor-size-default\">Ment\u00f6r AI \u2013 Your Personal AI Mentor for Students<\/h3>\t\t\t\t<\/div>\n\t\t\t\t<\/div>\n\t\t\t\t<div class=\"elementor-element elementor-element-4035755 elementor-widget elementor-widget-heading\" data-id=\"4035755\" data-element_type=\"widget\" data-settings=\"{&quot;_animation&quot;:&quot;none&quot;}\" data-widget_type=\"heading.default\">\n\t\t\t\t<div class=\"elementor-widget-container\">\n\t\t\t\t\t<h2 class=\"elementor-heading-title elementor-size-default\">Ment\u00f6r AI is a personalized AI mentoring assistant, designed specifically to support high school and university students. It helps learners set academic goals, organize study schedules, and maintain consistent motivation. Whether you're preparing for exams or planning your future career, Ment\u00f6r AI acts as a smart companion in your educational journey.\n\nKey Features:\n\nCustom-tailored study plans based on your goals\n\nDaily motivation and academic progress tracking\n\nExam strategies and resource recommendations\n\nAdaptive learning powered by intelligent algorithms<\/h2>\t\t\t\t<\/div>\n\t\t\t\t<\/div>\n\t\t\t\t<\/div>\n\t\t<div class=\"elementor-element elementor-element-2e1d0ea e-con-full e-flex e-con e-child\" data-id=\"2e1d0ea\" data-element_type=\"container\" data-settings=\"{&quot;animation&quot;:&quot;none&quot;}\">\n\t\t\t\t<div class=\"elementor-element elementor-element-05c5f93 elementor-widget elementor-widget-heading\" data-id=\"05c5f93\" data-element_type=\"widget\" data-widget_type=\"heading.default\">\n\t\t\t\t<div class=\"elementor-widget-container\">\n\t\t\t\t\t<h3 class=\"elementor-heading-title elementor-size-default\">Frend AI \u2013 Your Everyday Personal AI Assistant<\/h3>\t\t\t\t<\/div>\n\t\t\t\t<\/div>\n\t\t\t\t<div class=\"elementor-element elementor-element-fe83e62 elementor-widget elementor-widget-heading\" data-id=\"fe83e62\" data-element_type=\"widget\" data-settings=\"{&quot;_animation&quot;:&quot;none&quot;}\" data-widget_type=\"heading.default\">\n\t\t\t\t<div class=\"elementor-widget-container\">\n\t\t\t\t\t<h2 class=\"elementor-heading-title elementor-size-default\">Frend AI is a versatile personal assistant powered by advanced artificial intelligence. It helps you manage your daily tasks, appointments, shopping lists, and more\u2014whether you're a busy professional or simply looking for better organization in life. Frend AI understands your habits and adapts to your personal routine to provide seamless assistance.\n\nKey Features:\n\nSmart task scheduling and calendar integration\n\nProactive reminders and to-do list management\n\nNatural language conversation and contextual support\n\nAdaptive system that learns from your behavior over time<\/h2>\t\t\t\t<\/div>\n\t\t\t\t<\/div>\n\t\t\t\t<\/div>\n\t\t\t\t\t<\/div>\n\t\t\t\t<\/div>\n\t\t<div class=\"elementor-element elementor-element-6ad0543 e-flex e-con-boxed elementor-invisible e-con e-parent\" data-id=\"6ad0543\" data-element_type=\"container\" data-settings=\"{&quot;animation&quot;:&quot;fadeInUp&quot;}\">\n\t\t\t\t\t<div class=\"e-con-inner\">\n\t\t<div class=\"elementor-element elementor-element-be4f5f7 e-con-full e-flex e-con e-child\" data-id=\"be4f5f7\" data-element_type=\"container\" data-settings=\"{&quot;animation&quot;:&quot;none&quot;}\">\n\t\t\t\t<div class=\"elementor-element elementor-element-75059d4 elementor-widget elementor-widget-heading\" data-id=\"75059d4\" data-element_type=\"widget\" data-widget_type=\"heading.default\">\n\t\t\t\t<div class=\"elementor-widget-container\">\n\t\t\t\t\t<h3 class=\"elementor-heading-title elementor-size-default\">Aliya \u2013 Your AI Psychologist for Emotional Well-Being<\/h3>\t\t\t\t<\/div>\n\t\t\t\t<\/div>\n\t\t\t\t<div class=\"elementor-element elementor-element-f4acd27 elementor-widget elementor-widget-heading\" data-id=\"f4acd27\" data-element_type=\"widget\" data-settings=\"{&quot;_animation&quot;:&quot;none&quot;}\" data-widget_type=\"heading.default\">\n\t\t\t\t<div class=\"elementor-widget-container\">\n\t\t\t\t\t<h2 class=\"elementor-heading-title elementor-size-default\">Aliya is an empathetic and privacy-conscious AI psychologist, developed to provide emotional and psychological support. It is designed for individuals seeking help with stress, anxiety, depression, or interpersonal challenges. Aliya listens without judgment, offers psychological guidance, and creates a safe digital space for mental wellness.\n\nKey Features:\n\nConfidential AI-based therapy sessions\n\nEmotion tracking and mood analysis\n\nSupportive conversations and coping strategies\n\nAlways-available virtual mental health companion<\/h2>\t\t\t\t<\/div>\n\t\t\t\t<\/div>\n\t\t\t\t<\/div>\n\t\t\t\t\t<\/div>\n\t\t\t\t<\/div>\n\t\t<div class=\"elementor-element elementor-element-72a0552 e-flex e-con-boxed e-con e-parent\" data-id=\"72a0552\" data-element_type=\"container\">\n\t\t\t\t\t<div class=\"e-con-inner\">\n\t\t<div class=\"elementor-element elementor-element-b177ded e-con-full e-flex e-con e-child\" data-id=\"b177ded\" data-element_type=\"container\">\n\t\t\t\t<div class=\"elementor-element elementor-element-3a966b5 animated-slow elementor-invisible elementor-widget elementor-widget-heading\" data-id=\"3a966b5\" data-element_type=\"widget\" data-settings=\"{&quot;_animation&quot;:&quot;fadeInUp&quot;}\" data-widget_type=\"heading.default\">\n\t\t\t\t<div class=\"elementor-widget-container\">\n\t\t\t\t\t<h2 class=\"elementor-heading-title elementor-size-default\">Yenilik\u00e7i \u00c7\u00f6z\u00fcmlerle Hayat\u0131n\u0131z\u0131 D\u00f6n\u00fc\u015ft\u00fcr\u00fcn \u2013 Gelece\u011finizi Bug\u00fcnden \u015eekillendirin!<\/h2>\t\t\t\t<\/div>\n\t\t\t\t<\/div>\n\t\t\t\t<\/div>\n\t\t\t\t\t<\/div>\n\t\t\t\t<\/div>\n\t\t<div class=\"elementor-element elementor-element-c433fea e-flex e-con-boxed e-con e-parent\" data-id=\"c433fea\" data-element_type=\"container\">\n\t\t\t\t\t<div class=\"e-con-inner\">\n\t\t<div class=\"elementor-element elementor-element-4b608ba e-con-full e-flex e-con e-child\" data-id=\"4b608ba\" data-element_type=\"container\">\n\t\t\t\t<div class=\"elementor-element elementor-element-1eb7a48 elementor-widget elementor-widget-spacer\" data-id=\"1eb7a48\" data-element_type=\"widget\" data-widget_type=\"spacer.default\">\n\t\t\t\t<div class=\"elementor-widget-container\">\n\t\t\t\t\t\t\t<div class=\"elementor-spacer\">\n\t\t\t<div class=\"elementor-spacer-inner\"><\/div>\n\t\t<\/div>\n\t\t\t\t\t\t<\/div>\n\t\t\t\t<\/div>\n\t\t\t\t<\/div>\n\t\t\t\t\t<\/div>\n\t\t\t\t<\/div>\n\t\t\t\t<\/div>","protected":false},"excerpt":{"rendered":"<p>Our Specially Developed Products Explore our Special Products, crafted to offer innovative solutions for every need. From mental wellness to everyday challenges, we have the right answer for everyone. Experience the future of assistance with our unique offerings! Ment\u00f6r AI \u2013 Your Personal AI Mentor for Students Ment\u00f6r AI is [&hellip;]<\/p>","protected":false},"author":1,"featured_media":0,"parent":0,"menu_order":0,"comment_status":"closed","ping_status":"closed","template":"","meta":{"_monsterinsights_skip_tracking":false,"_monsterinsights_sitenote_active":false,"_monsterinsights_sitenote_note":"","_monsterinsights_sitenote_category":0,"site-sidebar-layout":"no-sidebar","site-content-layout":"","ast-site-content-layout":"full-width-container","site-content-style":"default","site-sidebar-style":"default","ast-global-header-display":"","ast-banner-title-visibility":"","ast-main-header-display":"","ast-hfb-above-header-display":"","ast-hfb-below-header-display":"","ast-hfb-mobile-header-display":"","site-post-title":"disabled","ast-breadcrumbs-content":"","ast-featured-img":"disabled","footer-sml-layout":"","theme-transparent-header-meta":"","adv-header-id-meta":"","stick-header-meta":"","header-above-stick-meta":"","header-main-stick-meta":"","header-below-stick-meta":"","astra-migrate-meta-layouts":"default","ast-page-background-enabled":"default","ast-page-background-meta":{"desktop":{"background-color":"var(--ast-global-color-4)","background-image":"","background-repeat":"repeat","background-position":"center center","background-size":"auto","background-attachment":"scroll","background-type":"","background-media":"","overlay-type":"","overlay-color":"","overlay-opacity":"","overlay-gradient":""},"tablet":{"background-color":"","background-image":"","background-repeat":"repeat","background-position":"center center","background-size":"auto","background-attachment":"scroll","background-type":"","background-media":"","overlay-type":"","overlay-color":"","overlay-opacity":"","overlay-gradient":""},"mobile":{"background-color":"","background-image":"","background-repeat":"repeat","background-position":"center center","background-size":"auto","background-attachment":"scroll","background-type":"","background-media":"","overlay-type":"","overlay-color":"","overlay-opacity":"","overlay-gradient":""}},"ast-content-background-meta":{"desktop":{"background-color":"var(--ast-global-color-5)","background-image":"","background-repeat":"repeat","background-position":"center center","background-size":"auto","background-attachment":"scroll","background-type":"","background-media":"","overlay-type":"","overlay-color":"","overlay-opacity":"","overlay-gradient":""},"tablet":{"background-color":"var(--ast-global-color-5)","background-image":"","background-repeat":"repeat","background-position":"center center","background-size":"auto","background-attachment":"scroll","background-type":"","background-media":"","overlay-type":"","overlay-color":"","overlay-opacity":"","overlay-gradient":""},"mobile":{"background-color":"var(--ast-global-color-5)","background-image":"","background-repeat":"repeat","background-position":"center center","background-size":"auto","background-attachment":"scroll","background-type":"","background-media":"","overlay-type":"","overlay-color":"","overlay-opacity":"","overlay-gradient":""}},"footnotes":""},"class_list":["post-392","page","type-page","status-publish","hentry"],"yoast_head":"<!-- This site is optimized with the Yoast SEO plugin v26.4 - https:\/\/yoast.com\/wordpress\/plugins\/seo\/ -->\n<title>Our Specially Developed Products - Hardlex Group Artificial Intelligence<\/title>\n<meta name=\"description\" content=\"Discover our innovative solutions designed for every need. Explore how our unique offerings can transform your life today!\" \/>\n<meta name=\"robots\" content=\"index, follow, max-snippet:-1, max-image-preview:large, max-video-preview:-1\" \/>\n<link rel=\"canonical\" href=\"https:\/\/www.hardlexgroup.com.tr\/tr\/hardlex-ai-special-products\/\" \/>\n<meta property=\"og:locale\" content=\"tr_TR\" \/>\n<meta property=\"og:type\" content=\"article\" \/>\n<meta property=\"og:title\" content=\"Our Specially Developed Products - Hardlex Group Artificial Intelligence\" \/>\n<meta property=\"og:description\" content=\"Discover our innovative solutions designed for every need. Explore how our unique offerings can transform your life today!\" \/>\n<meta property=\"og:url\" content=\"https:\/\/www.hardlexgroup.com.tr\/tr\/hardlex-ai-special-products\/\" \/>\n<meta property=\"og:site_name\" content=\"Hardlex Group Artificial Intelligence\" \/>\n<meta property=\"article:modified_time\" content=\"2025-06-15T13:20:26+00:00\" \/>\n<meta property=\"og:image\" content=\"http:\/\/www.hardlexgroup.com.tr\/wp-content\/uploads\/2024\/09\/ozelurunler-1024x1024.png\" \/>\n<meta name=\"twitter:card\" content=\"summary_large_image\" \/>\n<script type=\"application\/ld+json\" class=\"yoast-schema-graph\">{\"@context\":\"https:\/\/schema.org\",\"@graph\":[{\"@type\":\"WebPage\",\"@id\":\"https:\/\/www.hardlexgroup.com.tr\/tr\/hardlex-ai-special-products\/\",\"url\":\"https:\/\/www.hardlexgroup.com.tr\/tr\/hardlex-ai-special-products\/\",\"name\":\"Our Specially Developed Products - Hardlex Group Artificial Intelligence\",\"isPartOf\":{\"@id\":\"https:\/\/www.hardlexgroup.com.tr\/#website\"},\"primaryImageOfPage\":{\"@id\":\"https:\/\/www.hardlexgroup.com.tr\/tr\/hardlex-ai-special-products\/#primaryimage\"},\"image\":{\"@id\":\"https:\/\/www.hardlexgroup.com.tr\/tr\/hardlex-ai-special-products\/#primaryimage\"},\"thumbnailUrl\":\"http:\/\/www.hardlexgroup.com.tr\/wp-content\/uploads\/2024\/09\/ozelurunler-1024x1024.png\",\"datePublished\":\"2024-09-22T02:30:09+00:00\",\"dateModified\":\"2025-06-15T13:20:26+00:00\",\"description\":\"Discover our innovative solutions designed for every need. Explore how our unique offerings can transform your life today!\",\"breadcrumb\":{\"@id\":\"https:\/\/www.hardlexgroup.com.tr\/tr\/hardlex-ai-special-products\/#breadcrumb\"},\"inLanguage\":\"tr\",\"potentialAction\":[{\"@type\":\"ReadAction\",\"target\":[\"https:\/\/www.hardlexgroup.com.tr\/tr\/hardlex-ai-special-products\/\"]}]},{\"@type\":\"ImageObject\",\"inLanguage\":\"tr\",\"@id\":\"https:\/\/www.hardlexgroup.com.tr\/tr\/hardlex-ai-special-products\/#primaryimage\",\"url\":\"http:\/\/www.hardlexgroup.com.tr\/wp-content\/uploads\/2024\/09\/ozelurunler-1024x1024.png\",\"contentUrl\":\"http:\/\/www.hardlexgroup.com.tr\/wp-content\/uploads\/2024\/09\/ozelurunler-1024x1024.png\"},{\"@type\":\"BreadcrumbList\",\"@id\":\"https:\/\/www.hardlexgroup.com.tr\/tr\/hardlex-ai-special-products\/#breadcrumb\",\"itemListElement\":[{\"@type\":\"ListItem\",\"position\":1,\"name\":\"Anasayfa\",\"item\":\"https:\/\/www.hardlexgroup.com.tr\/\"},{\"@type\":\"ListItem\",\"position\":2,\"name\":\"Our Specially Developed Products\"}]},{\"@type\":\"WebSite\",\"@id\":\"https:\/\/www.hardlexgroup.com.tr\/#website\",\"url\":\"https:\/\/www.hardlexgroup.com.tr\/\",\"name\":\"Hardlex Group Artificial Intelligence\",\"description\":\"\u00c7ok Y\u00f6nl\u00fc Yapay Zeka \u00c7\u00f6z\u00fcmleri\",\"publisher\":{\"@id\":\"https:\/\/www.hardlexgroup.com.tr\/#organization\"},\"potentialAction\":[{\"@type\":\"SearchAction\",\"target\":{\"@type\":\"EntryPoint\",\"urlTemplate\":\"https:\/\/www.hardlexgroup.com.tr\/?s={search_term_string}\"},\"query-input\":{\"@type\":\"PropertyValueSpecification\",\"valueRequired\":true,\"valueName\":\"search_term_string\"}}],\"inLanguage\":\"tr\"},{\"@type\":\"Organization\",\"@id\":\"https:\/\/www.hardlexgroup.com.tr\/#organization\",\"name\":\"Hardlex Group Artificial Intelligence | T\u00fcrkiye Lider Yapay Zeka \u015eirketi\",\"url\":\"https:\/\/www.hardlexgroup.com.tr\/\",\"logo\":{\"@type\":\"ImageObject\",\"inLanguage\":\"tr\",\"@id\":\"https:\/\/www.hardlexgroup.com.tr\/#\/schema\/logo\/image\/\",\"url\":\"https:\/\/www.hardlexgroup.com.tr\/wp-content\/uploads\/2024\/09\/H2D-fotor-20240920143715.png\",\"contentUrl\":\"https:\/\/www.hardlexgroup.com.tr\/wp-content\/uploads\/2024\/09\/H2D-fotor-20240920143715.png\",\"width\":654,\"height\":654,\"caption\":\"Hardlex Group Artificial Intelligence | T\u00fcrkiye Lider Yapay Zeka \u015eirketi\"},\"image\":{\"@id\":\"https:\/\/www.hardlexgroup.com.tr\/#\/schema\/logo\/image\/\"}}]}<\/script>\n<!-- \/ Yoast SEO plugin. -->","yoast_head_json":{"title":"Our Specially Developed Products - Hardlex Group Artificial Intelligence","description":"Discover our innovative solutions designed for every need. Explore how our unique offerings can transform your life today!","robots":{"index":"index","follow":"follow","max-snippet":"max-snippet:-1","max-image-preview":"max-image-preview:large","max-video-preview":"max-video-preview:-1"},"canonical":"https:\/\/www.hardlexgroup.com.tr\/tr\/hardlex-ai-special-products\/","og_locale":"tr_TR","og_type":"article","og_title":"Our Specially Developed Products - Hardlex Group Artificial Intelligence","og_description":"Discover our innovative solutions designed for every need. Explore how our unique offerings can transform your life today!","og_url":"https:\/\/www.hardlexgroup.com.tr\/tr\/hardlex-ai-special-products\/","og_site_name":"Hardlex Group Artificial Intelligence","article_modified_time":"2025-06-15T13:20:26+00:00","og_image":[{"url":"http:\/\/www.hardlexgroup.com.tr\/wp-content\/uploads\/2024\/09\/ozelurunler-1024x1024.png","type":"","width":"","height":""}],"twitter_card":"summary_large_image","schema":{"@context":"https:\/\/schema.org","@graph":[{"@type":"WebPage","@id":"https:\/\/www.hardlexgroup.com.tr\/tr\/hardlex-ai-special-products\/","url":"https:\/\/www.hardlexgroup.com.tr\/tr\/hardlex-ai-special-products\/","name":"Our Specially Developed Products - Hardlex Group Artificial Intelligence","isPartOf":{"@id":"https:\/\/www.hardlexgroup.com.tr\/#website"},"primaryImageOfPage":{"@id":"https:\/\/www.hardlexgroup.com.tr\/tr\/hardlex-ai-special-products\/#primaryimage"},"image":{"@id":"https:\/\/www.hardlexgroup.com.tr\/tr\/hardlex-ai-special-products\/#primaryimage"},"thumbnailUrl":"http:\/\/www.hardlexgroup.com.tr\/wp-content\/uploads\/2024\/09\/ozelurunler-1024x1024.png","datePublished":"2024-09-22T02:30:09+00:00","dateModified":"2025-06-15T13:20:26+00:00","description":"Discover our innovative solutions designed for every need. Explore how our unique offerings can transform your life today!","breadcrumb":{"@id":"https:\/\/www.hardlexgroup.com.tr\/tr\/hardlex-ai-special-products\/#breadcrumb"},"inLanguage":"tr","potentialAction":[{"@type":"ReadAction","target":["https:\/\/www.hardlexgroup.com.tr\/tr\/hardlex-ai-special-products\/"]}]},{"@type":"ImageObject","inLanguage":"tr","@id":"https:\/\/www.hardlexgroup.com.tr\/tr\/hardlex-ai-special-products\/#primaryimage","url":"http:\/\/www.hardlexgroup.com.tr\/wp-content\/uploads\/2024\/09\/ozelurunler-1024x1024.png","contentUrl":"http:\/\/www.hardlexgroup.com.tr\/wp-content\/uploads\/2024\/09\/ozelurunler-1024x1024.png"},{"@type":"BreadcrumbList","@id":"https:\/\/www.hardlexgroup.com.tr\/tr\/hardlex-ai-special-products\/#breadcrumb","itemListElement":[{"@type":"ListItem","position":1,"name":"Anasayfa","item":"https:\/\/www.hardlexgroup.com.tr\/"},{"@type":"ListItem","position":2,"name":"Our Specially Developed Products"}]},{"@type":"WebSite","@id":"https:\/\/www.hardlexgroup.com.tr\/#website","url":"https:\/\/www.hardlexgroup.com.tr\/","name":"Hardlex Group Artificial Intelligence","description":"\u00c7ok Y\u00f6nl\u00fc Yapay Zeka \u00c7\u00f6z\u00fcmleri","publisher":{"@id":"https:\/\/www.hardlexgroup.com.tr\/#organization"},"potentialAction":[{"@type":"SearchAction","target":{"@type":"EntryPoint","urlTemplate":"https:\/\/www.hardlexgroup.com.tr\/?s={search_term_string}"},"query-input":{"@type":"PropertyValueSpecification","valueRequired":true,"valueName":"search_term_string"}}],"inLanguage":"tr"},{"@type":"Organization","@id":"https:\/\/www.hardlexgroup.com.tr\/#organization","name":"Hardlex Group Artificial Intelligence | T\u00fcrkiye Lider Yapay Zeka \u015eirketi","url":"https:\/\/www.hardlexgroup.com.tr\/","logo":{"@type":"ImageObject","inLanguage":"tr","@id":"https:\/\/www.hardlexgroup.com.tr\/#\/schema\/logo\/image\/","url":"https:\/\/www.hardlexgroup.com.tr\/wp-content\/uploads\/2024\/09\/H2D-fotor-20240920143715.png","contentUrl":"https:\/\/www.hardlexgroup.com.tr\/wp-content\/uploads\/2024\/09\/H2D-fotor-20240920143715.png","width":654,"height":654,"caption":"Hardlex Group Artificial Intelligence | T\u00fcrkiye Lider Yapay Zeka \u015eirketi"},"image":{"@id":"https:\/\/www.hardlexgroup.com.tr\/#\/schema\/logo\/image\/"}}]}},"_links":{"self":[{"href":"https:\/\/www.hardlexgroup.com.tr\/tr\/wp-json\/wp\/v2\/pages\/392","targetHints":{"allow":["GET"]}}],"collection":[{"href":"https:\/\/www.hardlexgroup.com.tr\/tr\/wp-json\/wp\/v2\/pages"}],"about":[{"href":"https:\/\/www.hardlexgroup.com.tr\/tr\/wp-json\/wp\/v2\/types\/page"}],"author":[{"embeddable":true,"href":"https:\/\/www.hardlexgroup.com.tr\/tr\/wp-json\/wp\/v2\/users\/1"}],"replies":[{"embeddable":true,"href":"https:\/\/www.hardlexgroup.com.tr\/tr\/wp-json\/wp\/v2\/comments?post=392"}],"version-history":[{"count":31,"href":"https:\/\/www.hardlexgroup.com.tr\/tr\/wp-json\/wp\/v2\/pages\/392\/revisions"}],"predecessor-version":[{"id":974,"href":"https:\/\/www.hardlexgroup.com.tr\/tr\/wp-json\/wp\/v2\/pages\/392\/revisions\/974"}],"wp:attachment":[{"href":"https:\/\/www.hardlexgroup.com.tr\/tr\/wp-json\/wp\/v2\/media?parent=392"}],"curies":[{"name":"wp","href":"https:\/\/api.w.org\/{rel}","templated":true}]}}