{"id":81,"date":"2024-09-19T20:50:49","date_gmt":"2024-09-19T20:50:49","guid":{"rendered":"https:\/\/www.hardlexgroup.com.tr\/?page_id=81"},"modified":"2024-10-05T10:54:24","modified_gmt":"2024-10-05T10:54:24","slug":"about-us","status":"publish","type":"page","link":"https:\/\/www.hardlexgroup.com.tr\/tr\/about-us\/","title":{"rendered":"Hakk\u0131m\u0131zda"},"content":{"rendered":"<div data-elementor-type=\"wp-page\" data-elementor-id=\"81\" class=\"elementor elementor-81\">\n\t\t\t\t<div class=\"elementor-element elementor-element-b23eef4 e-flex e-con-boxed e-con e-parent\" data-id=\"b23eef4\" data-element_type=\"container\" data-settings=\"{&quot;animation&quot;:&quot;none&quot;}\">\n\t\t\t\t\t<div class=\"e-con-inner\">\n\t\t<div class=\"elementor-element elementor-element-9908c19 e-con-full e-flex e-con e-child\" data-id=\"9908c19\" data-element_type=\"container\">\n\t\t\t\t<div class=\"elementor-element elementor-element-9a30082 elementor-widget elementor-widget-spacer\" data-id=\"9a30082\" data-element_type=\"widget\" data-widget_type=\"spacer.default\">\n\t\t\t\t<div class=\"elementor-widget-container\">\n\t\t\t\t\t\t\t<div class=\"elementor-spacer\">\n\t\t\t<div class=\"elementor-spacer-inner\"><\/div>\n\t\t<\/div>\n\t\t\t\t\t\t<\/div>\n\t\t\t\t<\/div>\n\t\t\t\t<div class=\"elementor-element elementor-element-e8d8006 animated-slow elementor-invisible elementor-widget elementor-widget-heading\" data-id=\"e8d8006\" data-element_type=\"widget\" data-settings=\"{&quot;_animation&quot;:&quot;fadeInUp&quot;}\" data-widget_type=\"heading.default\">\n\t\t\t\t<div class=\"elementor-widget-container\">\n\t\t\t\t\t<h2 class=\"elementor-heading-title elementor-size-default\">Hakk\u0131m\u0131zda<\/h2>\t\t\t\t<\/div>\n\t\t\t\t<\/div>\n\t\t\t\t<\/div>\n\t\t\t\t\t<\/div>\n\t\t\t\t<\/div>\n\t\t<div class=\"elementor-element elementor-element-0983fce e-flex e-con-boxed e-con e-parent\" data-id=\"0983fce\" data-element_type=\"container\" data-settings=\"{&quot;animation&quot;:&quot;none&quot;}\">\n\t\t\t\t\t<div class=\"e-con-inner\">\n\t\t<div class=\"elementor-element elementor-element-6bbb519 e-con-full e-flex e-con e-child\" data-id=\"6bbb519\" data-element_type=\"container\">\n\t\t\t\t<div class=\"elementor-element elementor-element-17bae23 animated-slow elementor-invisible elementor-widget elementor-widget-heading\" data-id=\"17bae23\" data-element_type=\"widget\" data-settings=\"{&quot;_animation&quot;:&quot;fadeInUp&quot;}\" data-widget_type=\"heading.default\">\n\t\t\t\t<div class=\"elementor-widget-container\">\n\t\t\t\t\t<h2 class=\"elementor-heading-title elementor-size-default\">Hardlex Group is here to accelerate businesses' digital transformation journey! Our mission is to facilitate the digital transformation of companies and elevate customer satisfaction to new heights. With our AI chatbots, we minimize your workload while strengthening your customer interactions with smart solutions.<\/h2>\t\t\t\t<\/div>\n\t\t\t\t<\/div>\n\t\t\t\t<\/div>\n\t\t\t\t\t<\/div>\n\t\t\t\t<\/div>\n\t\t<div class=\"elementor-element elementor-element-c2088a7 e-flex e-con-boxed elementor-invisible e-con e-parent\" data-id=\"c2088a7\" data-element_type=\"container\" data-settings=\"{&quot;animation&quot;:&quot;fadeInUp&quot;}\">\n\t\t\t\t\t<div class=\"e-con-inner\">\n\t\t<div class=\"elementor-element elementor-element-3234b17 e-con-full e-flex e-con e-child\" data-id=\"3234b17\" data-element_type=\"container\" data-settings=\"{&quot;animation&quot;:&quot;none&quot;}\">\n\t\t\t\t<div class=\"elementor-element elementor-element-39586a6 animated-slow elementor-widget elementor-widget-image\" data-id=\"39586a6\" data-element_type=\"widget\" data-settings=\"{&quot;_animation&quot;:&quot;none&quot;}\" data-widget_type=\"image.default\">\n\t\t\t\t<div class=\"elementor-widget-container\">\n\t\t\t\t\t\t\t\t\t\t\t\t\t\t\t<img fetchpriority=\"high\" decoding=\"async\" width=\"1024\" height=\"1024\" src=\"https:\/\/www.hardlexgroup.com.tr\/wp-content\/uploads\/2024\/09\/beyingorsel1-1024x1024.png\" class=\"attachment-large size-large wp-image-253\" alt=\"BEY\u0130Ngorsel\" srcset=\"https:\/\/www.hardlexgroup.com.tr\/wp-content\/uploads\/2024\/09\/beyingorsel1-1024x1024.png 1024w, https:\/\/www.hardlexgroup.com.tr\/wp-content\/uploads\/2024\/09\/beyingorsel1-300x300.png 300w, https:\/\/www.hardlexgroup.com.tr\/wp-content\/uploads\/2024\/09\/beyingorsel1-150x150.png 150w, https:\/\/www.hardlexgroup.com.tr\/wp-content\/uploads\/2024\/09\/beyingorsel1-768x768.png 768w, https:\/\/www.hardlexgroup.com.tr\/wp-content\/uploads\/2024\/09\/beyingorsel1-1536x1536.png 1536w, https:\/\/www.hardlexgroup.com.tr\/wp-content\/uploads\/2024\/09\/beyingorsel1.png 1563w\" sizes=\"(max-width: 1024px) 100vw, 1024px\" \/>\t\t\t\t\t\t\t\t\t\t\t\t\t\t\t<\/div>\n\t\t\t\t<\/div>\n\t\t\t\t<\/div>\n\t\t<div class=\"elementor-element elementor-element-101db69 e-con-full e-flex e-con e-child\" data-id=\"101db69\" data-element_type=\"container\" data-settings=\"{&quot;animation&quot;:&quot;none&quot;}\">\n\t\t\t\t<div class=\"elementor-element elementor-element-beb5753 elementor-widget elementor-widget-heading\" data-id=\"beb5753\" data-element_type=\"widget\" data-settings=\"{&quot;_animation&quot;:&quot;none&quot;}\" data-widget_type=\"heading.default\">\n\t\t\t\t<div class=\"elementor-widget-container\">\n\t\t\t\t\t<h2 class=\"elementor-heading-title elementor-size-default\">Support for over 95 languages allows you to communicate effectively in the global market, putting you one step ahead of your competitors. Discover potential opportunities and grow your business with our Intent Understanding and Query Reporting systems.<\/h2>\t\t\t\t<\/div>\n\t\t\t\t<\/div>\n\t\t\t\t<\/div>\n\t\t\t\t\t<\/div>\n\t\t\t\t<\/div>\n\t\t<div class=\"elementor-element elementor-element-910eeb5 animated-slow e-flex e-con-boxed elementor-invisible e-con e-parent\" data-id=\"910eeb5\" data-element_type=\"container\" data-settings=\"{&quot;animation&quot;:&quot;fadeInUp&quot;}\">\n\t\t\t\t\t<div class=\"e-con-inner\">\n\t\t<div class=\"elementor-element elementor-element-cc49cf4 e-con-full e-flex e-con e-child\" data-id=\"cc49cf4\" data-element_type=\"container\">\n\t\t\t\t<div class=\"elementor-element elementor-element-265bc09 elementor-invisible elementor-widget elementor-widget-heading\" data-id=\"265bc09\" data-element_type=\"widget\" data-settings=\"{&quot;_animation&quot;:&quot;fadeInUp&quot;}\" data-widget_type=\"heading.default\">\n\t\t\t\t<div class=\"elementor-widget-container\">\n\t\t\t\t\t<h2 class=\"elementor-heading-title elementor-size-default\">Let\u2019s shape the future together; get to know us and leverage the power of artificial intelligence!<\/h2>\t\t\t\t<\/div>\n\t\t\t\t<\/div>\n\t\t\t\t<\/div>\n\t\t\t\t\t<\/div>\n\t\t\t\t<\/div>\n\t\t<div class=\"elementor-element elementor-element-caa6e10 e-flex e-con-boxed e-con e-parent\" data-id=\"caa6e10\" data-element_type=\"container\">\n\t\t\t\t\t<div class=\"e-con-inner\">\n\t\t<div class=\"elementor-element elementor-element-e3ce06b e-con-full e-flex e-con e-child\" data-id=\"e3ce06b\" data-element_type=\"container\">\n\t\t\t\t<div class=\"elementor-element elementor-element-bd17bf3 elementor-widget elementor-widget-spacer\" data-id=\"bd17bf3\" data-element_type=\"widget\" data-widget_type=\"spacer.default\">\n\t\t\t\t<div class=\"elementor-widget-container\">\n\t\t\t\t\t\t\t<div class=\"elementor-spacer\">\n\t\t\t<div class=\"elementor-spacer-inner\"><\/div>\n\t\t<\/div>\n\t\t\t\t\t\t<\/div>\n\t\t\t\t<\/div>\n\t\t\t\t<\/div>\n\t\t\t\t\t<\/div>\n\t\t\t\t<\/div>\n\t\t\t\t<\/div>","protected":false},"excerpt":{"rendered":"<p>About Us Hardlex Group is here to accelerate businesses&#8217; digital transformation journey! Our mission is to facilitate the digital transformation of companies and elevate customer satisfaction to new heights. With our AI chatbots, we minimize your workload while strengthening your customer interactions with smart solutions. Support for over 95 languages [&hellip;]<\/p>","protected":false},"author":1,"featured_media":0,"parent":0,"menu_order":0,"comment_status":"closed","ping_status":"closed","template":"","meta":{"_monsterinsights_skip_tracking":false,"_monsterinsights_sitenote_active":false,"_monsterinsights_sitenote_note":"","_monsterinsights_sitenote_category":0,"site-sidebar-layout":"no-sidebar","site-content-layout":"","ast-site-content-layout":"full-width-container","site-content-style":"default","site-sidebar-style":"default","ast-global-header-display":"","ast-banner-title-visibility":"","ast-main-header-display":"","ast-hfb-above-header-display":"","ast-hfb-below-header-display":"","ast-hfb-mobile-header-display":"","site-post-title":"disabled","ast-breadcrumbs-content":"","ast-featured-img":"disabled","footer-sml-layout":"","theme-transparent-header-meta":"","adv-header-id-meta":"","stick-header-meta":"","header-above-stick-meta":"","header-main-stick-meta":"","header-below-stick-meta":"","astra-migrate-meta-layouts":"default","ast-page-background-enabled":"default","ast-page-background-meta":{"desktop":{"background-color":"var(--ast-global-color-4)","background-image":"","background-repeat":"repeat","background-position":"center center","background-size":"auto","background-attachment":"scroll","background-type":"","background-media":"","overlay-type":"","overlay-color":"","overlay-opacity":"","overlay-gradient":""},"tablet":{"background-color":"","background-image":"","background-repeat":"repeat","background-position":"center center","background-size":"auto","background-attachment":"scroll","background-type":"","background-media":"","overlay-type":"","overlay-color":"","overlay-opacity":"","overlay-gradient":""},"mobile":{"background-color":"","background-image":"","background-repeat":"repeat","background-position":"center center","background-size":"auto","background-attachment":"scroll","background-type":"","background-media":"","overlay-type":"","overlay-color":"","overlay-opacity":"","overlay-gradient":""}},"ast-content-background-meta":{"desktop":{"background-color":"var(--ast-global-color-5)","background-image":"","background-repeat":"repeat","background-position":"center center","background-size":"auto","background-attachment":"scroll","background-type":"","background-media":"","overlay-type":"","overlay-color":"","overlay-opacity":"","overlay-gradient":""},"tablet":{"background-color":"var(--ast-global-color-5)","background-image":"","background-repeat":"repeat","background-position":"center center","background-size":"auto","background-attachment":"scroll","background-type":"","background-media":"","overlay-type":"","overlay-color":"","overlay-opacity":"","overlay-gradient":""},"mobile":{"background-color":"var(--ast-global-color-5)","background-image":"","background-repeat":"repeat","background-position":"center center","background-size":"auto","background-attachment":"scroll","background-type":"","background-media":"","overlay-type":"","overlay-color":"","overlay-opacity":"","overlay-gradient":""}},"footnotes":""},"class_list":["post-81","page","type-page","status-publish","hentry"],"yoast_head":"<!-- This site is optimized with the Yoast SEO plugin v26.4 - https:\/\/yoast.com\/wordpress\/plugins\/seo\/ -->\n<title>About Us - Hardlex Group AI Solutions<\/title>\n<meta name=\"description\" content=\"Hardlex Group accelerates your business&#039;s digital transformation with AI chatbots that enhance customer interactions and reduce workload. Supporting over 95 languages, we help you thrive in the global market while uncovering new opportunities through our Intent Understanding and Query Reporting systems.\" \/>\n<meta name=\"robots\" content=\"index, follow, max-snippet:-1, max-image-preview:large, max-video-preview:-1\" \/>\n<link rel=\"canonical\" href=\"https:\/\/www.hardlexgroup.com.tr\/tr\/about-us\/\" \/>\n<meta property=\"og:locale\" content=\"tr_TR\" \/>\n<meta property=\"og:type\" content=\"article\" \/>\n<meta property=\"og:title\" content=\"About Us - Hardlex Group AI Solutions\" \/>\n<meta property=\"og:description\" content=\"Hardlex Group accelerates your business&#039;s digital transformation with AI chatbots that enhance customer interactions and reduce workload. Supporting over 95 languages, we help you thrive in the global market while uncovering new opportunities through our Intent Understanding and Query Reporting systems.\" \/>\n<meta property=\"og:url\" content=\"https:\/\/www.hardlexgroup.com.tr\/tr\/about-us\/\" \/>\n<meta property=\"og:site_name\" content=\"Hardlex Group Artificial Intelligence\" \/>\n<meta property=\"article:modified_time\" content=\"2024-10-05T10:54:24+00:00\" \/>\n<meta property=\"og:image\" content=\"http:\/\/www.hardlexgroup.com.tr\/wp-content\/uploads\/2024\/09\/beyingorsel1-1024x1024.png\" \/>\n<meta name=\"twitter:card\" content=\"summary_large_image\" \/>\n<meta name=\"twitter:label1\" content=\"Tahmini okuma s\u00fcresi\" \/>\n\t<meta name=\"twitter:data1\" content=\"1 dakika\" \/>\n<script type=\"application\/ld+json\" class=\"yoast-schema-graph\">{\"@context\":\"https:\/\/schema.org\",\"@graph\":[{\"@type\":\"WebPage\",\"@id\":\"https:\/\/www.hardlexgroup.com.tr\/tr\/about-us\/\",\"url\":\"https:\/\/www.hardlexgroup.com.tr\/tr\/about-us\/\",\"name\":\"About Us - Hardlex Group AI Solutions\",\"isPartOf\":{\"@id\":\"https:\/\/www.hardlexgroup.com.tr\/#website\"},\"primaryImageOfPage\":{\"@id\":\"https:\/\/www.hardlexgroup.com.tr\/tr\/about-us\/#primaryimage\"},\"image\":{\"@id\":\"https:\/\/www.hardlexgroup.com.tr\/tr\/about-us\/#primaryimage\"},\"thumbnailUrl\":\"http:\/\/www.hardlexgroup.com.tr\/wp-content\/uploads\/2024\/09\/beyingorsel1-1024x1024.png\",\"datePublished\":\"2024-09-19T20:50:49+00:00\",\"dateModified\":\"2024-10-05T10:54:24+00:00\",\"description\":\"Hardlex Group accelerates your business's digital transformation with AI chatbots that enhance customer interactions and reduce workload. Supporting over 95 languages, we help you thrive in the global market while uncovering new opportunities through our Intent Understanding and Query Reporting systems.\",\"breadcrumb\":{\"@id\":\"https:\/\/www.hardlexgroup.com.tr\/tr\/about-us\/#breadcrumb\"},\"inLanguage\":\"tr\",\"potentialAction\":[{\"@type\":\"ReadAction\",\"target\":[\"https:\/\/www.hardlexgroup.com.tr\/tr\/about-us\/\"]}]},{\"@type\":\"ImageObject\",\"inLanguage\":\"tr\",\"@id\":\"https:\/\/www.hardlexgroup.com.tr\/tr\/about-us\/#primaryimage\",\"url\":\"http:\/\/www.hardlexgroup.com.tr\/wp-content\/uploads\/2024\/09\/beyingorsel1-1024x1024.png\",\"contentUrl\":\"http:\/\/www.hardlexgroup.com.tr\/wp-content\/uploads\/2024\/09\/beyingorsel1-1024x1024.png\"},{\"@type\":\"BreadcrumbList\",\"@id\":\"https:\/\/www.hardlexgroup.com.tr\/tr\/about-us\/#breadcrumb\",\"itemListElement\":[{\"@type\":\"ListItem\",\"position\":1,\"name\":\"Anasayfa\",\"item\":\"https:\/\/www.hardlexgroup.com.tr\/\"},{\"@type\":\"ListItem\",\"position\":2,\"name\":\"About Us\"}]},{\"@type\":\"WebSite\",\"@id\":\"https:\/\/www.hardlexgroup.com.tr\/#website\",\"url\":\"https:\/\/www.hardlexgroup.com.tr\/\",\"name\":\"Hardlex Group Artificial Intelligence\",\"description\":\"\u00c7ok Y\u00f6nl\u00fc Yapay Zeka \u00c7\u00f6z\u00fcmleri\",\"publisher\":{\"@id\":\"https:\/\/www.hardlexgroup.com.tr\/#organization\"},\"potentialAction\":[{\"@type\":\"SearchAction\",\"target\":{\"@type\":\"EntryPoint\",\"urlTemplate\":\"https:\/\/www.hardlexgroup.com.tr\/?s={search_term_string}\"},\"query-input\":{\"@type\":\"PropertyValueSpecification\",\"valueRequired\":true,\"valueName\":\"search_term_string\"}}],\"inLanguage\":\"tr\"},{\"@type\":\"Organization\",\"@id\":\"https:\/\/www.hardlexgroup.com.tr\/#organization\",\"name\":\"Hardlex Group Artificial Intelligence | T\u00fcrkiye Lider Yapay Zeka \u015eirketi\",\"url\":\"https:\/\/www.hardlexgroup.com.tr\/\",\"logo\":{\"@type\":\"ImageObject\",\"inLanguage\":\"tr\",\"@id\":\"https:\/\/www.hardlexgroup.com.tr\/#\/schema\/logo\/image\/\",\"url\":\"https:\/\/www.hardlexgroup.com.tr\/wp-content\/uploads\/2024\/09\/H2D-fotor-20240920143715.png\",\"contentUrl\":\"https:\/\/www.hardlexgroup.com.tr\/wp-content\/uploads\/2024\/09\/H2D-fotor-20240920143715.png\",\"width\":654,\"height\":654,\"caption\":\"Hardlex Group Artificial Intelligence | T\u00fcrkiye Lider Yapay Zeka \u015eirketi\"},\"image\":{\"@id\":\"https:\/\/www.hardlexgroup.com.tr\/#\/schema\/logo\/image\/\"}}]}<\/script>\n<!-- \/ Yoast SEO plugin. -->","yoast_head_json":{"title":"About Us - Hardlex Group AI Solutions","description":"Hardlex Group accelerates your business's digital transformation with AI chatbots that enhance customer interactions and reduce workload. Supporting over 95 languages, we help you thrive in the global market while uncovering new opportunities through our Intent Understanding and Query Reporting systems.","robots":{"index":"index","follow":"follow","max-snippet":"max-snippet:-1","max-image-preview":"max-image-preview:large","max-video-preview":"max-video-preview:-1"},"canonical":"https:\/\/www.hardlexgroup.com.tr\/tr\/about-us\/","og_locale":"tr_TR","og_type":"article","og_title":"About Us - Hardlex Group AI Solutions","og_description":"Hardlex Group accelerates your business's digital transformation with AI chatbots that enhance customer interactions and reduce workload. Supporting over 95 languages, we help you thrive in the global market while uncovering new opportunities through our Intent Understanding and Query Reporting systems.","og_url":"https:\/\/www.hardlexgroup.com.tr\/tr\/about-us\/","og_site_name":"Hardlex Group Artificial Intelligence","article_modified_time":"2024-10-05T10:54:24+00:00","og_image":[{"url":"http:\/\/www.hardlexgroup.com.tr\/wp-content\/uploads\/2024\/09\/beyingorsel1-1024x1024.png","type":"","width":"","height":""}],"twitter_card":"summary_large_image","twitter_misc":{"Tahmini okuma s\u00fcresi":"1 dakika"},"schema":{"@context":"https:\/\/schema.org","@graph":[{"@type":"WebPage","@id":"https:\/\/www.hardlexgroup.com.tr\/tr\/about-us\/","url":"https:\/\/www.hardlexgroup.com.tr\/tr\/about-us\/","name":"About Us - Hardlex Group AI Solutions","isPartOf":{"@id":"https:\/\/www.hardlexgroup.com.tr\/#website"},"primaryImageOfPage":{"@id":"https:\/\/www.hardlexgroup.com.tr\/tr\/about-us\/#primaryimage"},"image":{"@id":"https:\/\/www.hardlexgroup.com.tr\/tr\/about-us\/#primaryimage"},"thumbnailUrl":"http:\/\/www.hardlexgroup.com.tr\/wp-content\/uploads\/2024\/09\/beyingorsel1-1024x1024.png","datePublished":"2024-09-19T20:50:49+00:00","dateModified":"2024-10-05T10:54:24+00:00","description":"Hardlex Group accelerates your business's digital transformation with AI chatbots that enhance customer interactions and reduce workload. Supporting over 95 languages, we help you thrive in the global market while uncovering new opportunities through our Intent Understanding and Query Reporting systems.","breadcrumb":{"@id":"https:\/\/www.hardlexgroup.com.tr\/tr\/about-us\/#breadcrumb"},"inLanguage":"tr","potentialAction":[{"@type":"ReadAction","target":["https:\/\/www.hardlexgroup.com.tr\/tr\/about-us\/"]}]},{"@type":"ImageObject","inLanguage":"tr","@id":"https:\/\/www.hardlexgroup.com.tr\/tr\/about-us\/#primaryimage","url":"http:\/\/www.hardlexgroup.com.tr\/wp-content\/uploads\/2024\/09\/beyingorsel1-1024x1024.png","contentUrl":"http:\/\/www.hardlexgroup.com.tr\/wp-content\/uploads\/2024\/09\/beyingorsel1-1024x1024.png"},{"@type":"BreadcrumbList","@id":"https:\/\/www.hardlexgroup.com.tr\/tr\/about-us\/#breadcrumb","itemListElement":[{"@type":"ListItem","position":1,"name":"Anasayfa","item":"https:\/\/www.hardlexgroup.com.tr\/"},{"@type":"ListItem","position":2,"name":"About Us"}]},{"@type":"WebSite","@id":"https:\/\/www.hardlexgroup.com.tr\/#website","url":"https:\/\/www.hardlexgroup.com.tr\/","name":"Hardlex Group Artificial Intelligence","description":"\u00c7ok Y\u00f6nl\u00fc Yapay Zeka \u00c7\u00f6z\u00fcmleri","publisher":{"@id":"https:\/\/www.hardlexgroup.com.tr\/#organization"},"potentialAction":[{"@type":"SearchAction","target":{"@type":"EntryPoint","urlTemplate":"https:\/\/www.hardlexgroup.com.tr\/?s={search_term_string}"},"query-input":{"@type":"PropertyValueSpecification","valueRequired":true,"valueName":"search_term_string"}}],"inLanguage":"tr"},{"@type":"Organization","@id":"https:\/\/www.hardlexgroup.com.tr\/#organization","name":"Hardlex Group Artificial Intelligence | T\u00fcrkiye Lider Yapay Zeka \u015eirketi","url":"https:\/\/www.hardlexgroup.com.tr\/","logo":{"@type":"ImageObject","inLanguage":"tr","@id":"https:\/\/www.hardlexgroup.com.tr\/#\/schema\/logo\/image\/","url":"https:\/\/www.hardlexgroup.com.tr\/wp-content\/uploads\/2024\/09\/H2D-fotor-20240920143715.png","contentUrl":"https:\/\/www.hardlexgroup.com.tr\/wp-content\/uploads\/2024\/09\/H2D-fotor-20240920143715.png","width":654,"height":654,"caption":"Hardlex Group Artificial Intelligence | T\u00fcrkiye Lider Yapay Zeka \u015eirketi"},"image":{"@id":"https:\/\/www.hardlexgroup.com.tr\/#\/schema\/logo\/image\/"}}]}},"_links":{"self":[{"href":"https:\/\/www.hardlexgroup.com.tr\/tr\/wp-json\/wp\/v2\/pages\/81","targetHints":{"allow":["GET"]}}],"collection":[{"href":"https:\/\/www.hardlexgroup.com.tr\/tr\/wp-json\/wp\/v2\/pages"}],"about":[{"href":"https:\/\/www.hardlexgroup.com.tr\/tr\/wp-json\/wp\/v2\/types\/page"}],"author":[{"embeddable":true,"href":"https:\/\/www.hardlexgroup.com.tr\/tr\/wp-json\/wp\/v2\/users\/1"}],"replies":[{"embeddable":true,"href":"https:\/\/www.hardlexgroup.com.tr\/tr\/wp-json\/wp\/v2\/comments?post=81"}],"version-history":[{"count":35,"href":"https:\/\/www.hardlexgroup.com.tr\/tr\/wp-json\/wp\/v2\/pages\/81\/revisions"}],"predecessor-version":[{"id":472,"href":"https:\/\/www.hardlexgroup.com.tr\/tr\/wp-json\/wp\/v2\/pages\/81\/revisions\/472"}],"wp:attachment":[{"href":"https:\/\/www.hardlexgroup.com.tr\/tr\/wp-json\/wp\/v2\/media?parent=81"}],"curies":[{"name":"wp","href":"https:\/\/api.w.org\/{rel}","templated":true}]}}