{"id":85,"date":"2024-09-19T20:53:41","date_gmt":"2024-09-19T20:53:41","guid":{"rendered":"https:\/\/www.hardlexgroup.com.tr\/?page_id=85"},"modified":"2024-09-26T17:56:57","modified_gmt":"2024-09-26T17:56:57","slug":"intent-understanding-technology","status":"publish","type":"page","link":"https:\/\/www.hardlexgroup.com.tr\/tr\/intent-understanding-technology\/","title":{"rendered":"Niyet Anlama Teknolojisi"},"content":{"rendered":"<div data-elementor-type=\"wp-page\" data-elementor-id=\"85\" class=\"elementor elementor-85\">\n\t\t\t\t<div class=\"elementor-element elementor-element-ccb9cc3 animated-slow e-flex e-con-boxed elementor-invisible e-con e-parent\" data-id=\"ccb9cc3\" data-element_type=\"container\" data-settings=\"{&quot;animation&quot;:&quot;fadeInUp&quot;}\">\n\t\t\t\t\t<div class=\"e-con-inner\">\n\t\t<div class=\"elementor-element elementor-element-9d0a4e0 e-con-full e-flex e-con e-child\" data-id=\"9d0a4e0\" data-element_type=\"container\">\n\t\t\t\t<div class=\"elementor-element elementor-element-b154b43 elementor-widget elementor-widget-spacer\" data-id=\"b154b43\" data-element_type=\"widget\" data-widget_type=\"spacer.default\">\n\t\t\t\t<div class=\"elementor-widget-container\">\n\t\t\t\t\t\t\t<div class=\"elementor-spacer\">\n\t\t\t<div class=\"elementor-spacer-inner\"><\/div>\n\t\t<\/div>\n\t\t\t\t\t\t<\/div>\n\t\t\t\t<\/div>\n\t\t\t\t<div class=\"elementor-element elementor-element-8f039b3 animated-slow elementor-widget elementor-widget-heading\" data-id=\"8f039b3\" data-element_type=\"widget\" data-settings=\"{&quot;_animation&quot;:&quot;none&quot;}\" data-widget_type=\"heading.default\">\n\t\t\t\t<div class=\"elementor-widget-container\">\n\t\t\t\t\t<h2 class=\"elementor-heading-title elementor-size-default\">Niyet Anlama Teknolojisi<\/h2>\t\t\t\t<\/div>\n\t\t\t\t<\/div>\n\t\t\t\t<\/div>\n\t\t\t\t\t<\/div>\n\t\t\t\t<\/div>\n\t\t<div class=\"elementor-element elementor-element-8bf2327 animated-slow e-flex e-con-boxed elementor-invisible e-con e-parent\" data-id=\"8bf2327\" data-element_type=\"container\" data-settings=\"{&quot;animation&quot;:&quot;fadeInUp&quot;}\">\n\t\t\t\t\t<div class=\"e-con-inner\">\n\t\t<div class=\"elementor-element elementor-element-f0c2608 e-con-full e-flex e-con e-child\" data-id=\"f0c2608\" data-element_type=\"container\">\n\t\t\t\t<div class=\"elementor-element elementor-element-34e3fc7 animated-slow elementor-widget elementor-widget-heading\" data-id=\"34e3fc7\" data-element_type=\"widget\" data-settings=\"{&quot;_animation&quot;:&quot;none&quot;}\" data-widget_type=\"heading.default\">\n\t\t\t\t<div class=\"elementor-widget-container\">\n\t\t\t\t\t<h2 class=\"elementor-heading-title elementor-size-default\">M\u00fc\u015fterilerin niyetlerini, taleplerini ve duygular\u0131n\u0131 anlamak i\u00e7in kullan\u0131lan bir teknolojidir. Bu teknoloji, m\u00fc\u015fteri ifadelerinin arkas\u0131ndaki ger\u00e7ek amac\u0131 belirlemek ve uygun yan\u0131tlar sunmak i\u00e7in do\u011fal dil i\u015fleme (NLP) ve makine \u00f6\u011frenimi y\u00f6ntemlerini kullan\u0131r. Bu sayede daha etkili ve ki\u015fiselle\u015ftirilmi\u015f bir m\u00fc\u015fteri hizmeti sunulur. Yapay zeka, bu teknoloji sayesinde potansiyel m\u00fc\u015fterileri \u015firket lehine ikna edebilir.<\/h2>\t\t\t\t<\/div>\n\t\t\t\t<\/div>\n\t\t\t\t<\/div>\n\t\t\t\t\t<\/div>\n\t\t\t\t<\/div>\n\t\t<div class=\"elementor-element elementor-element-04a9b30 animated-slow e-flex e-con-boxed elementor-invisible e-con e-parent\" data-id=\"04a9b30\" data-element_type=\"container\" data-settings=\"{&quot;animation&quot;:&quot;fadeInUp&quot;}\">\n\t\t\t\t\t<div class=\"e-con-inner\">\n\t\t<div class=\"elementor-element elementor-element-1614f31 e-con-full e-flex e-con e-child\" data-id=\"1614f31\" data-element_type=\"container\" data-settings=\"{&quot;animation&quot;:&quot;none&quot;}\">\n\t\t\t\t<div class=\"elementor-element elementor-element-36d67fd animated-slow elementor-invisible elementor-widget elementor-widget-image\" data-id=\"36d67fd\" data-element_type=\"widget\" data-settings=\"{&quot;_animation&quot;:&quot;fadeInUp&quot;}\" data-widget_type=\"image.default\">\n\t\t\t\t<div class=\"elementor-widget-container\">\n\t\t\t\t\t\t\t\t\t\t\t\t\t\t\t<img fetchpriority=\"high\" decoding=\"async\" width=\"1024\" height=\"1024\" src=\"https:\/\/www.hardlexgroup.com.tr\/wp-content\/uploads\/2024\/09\/tasarim3-1024x1024.png\" class=\"attachment-large size-large wp-image-269\" alt=\"nfrfnfg\" srcset=\"https:\/\/www.hardlexgroup.com.tr\/wp-content\/uploads\/2024\/09\/tasarim3-1024x1024.png 1024w, https:\/\/www.hardlexgroup.com.tr\/wp-content\/uploads\/2024\/09\/tasarim3-300x300.png 300w, https:\/\/www.hardlexgroup.com.tr\/wp-content\/uploads\/2024\/09\/tasarim3-150x150.png 150w, https:\/\/www.hardlexgroup.com.tr\/wp-content\/uploads\/2024\/09\/tasarim3-768x768.png 768w, https:\/\/www.hardlexgroup.com.tr\/wp-content\/uploads\/2024\/09\/tasarim3-1536x1536.png 1536w, https:\/\/www.hardlexgroup.com.tr\/wp-content\/uploads\/2024\/09\/tasarim3.png 1563w\" sizes=\"(max-width: 1024px) 100vw, 1024px\" \/>\t\t\t\t\t\t\t\t\t\t\t\t\t\t\t<\/div>\n\t\t\t\t<\/div>\n\t\t\t\t<\/div>\n\t\t<div class=\"elementor-element elementor-element-c8712d0 e-con-full e-flex e-con e-child\" data-id=\"c8712d0\" data-element_type=\"container\">\n\t\t\t\t<div class=\"elementor-element elementor-element-3206bac animated-slow elementor-widget elementor-widget-heading\" data-id=\"3206bac\" data-element_type=\"widget\" data-settings=\"{&quot;_animation&quot;:&quot;none&quot;}\" data-widget_type=\"heading.default\">\n\t\t\t\t<div class=\"elementor-widget-container\">\n\t\t\t\t\t<h2 class=\"elementor-heading-title elementor-size-default\">M\u00fc\u015fteri hizmetlerinizi bir \u00fcst seviyeye ta\u015f\u0131y\u0131n! Niyet Anlama Teknolojimiz sayesinde hedef kitlenizin ihtiya\u00e7lar\u0131n\u0131 ve duygular\u0131n\u0131 an\u0131nda kavray\u0131n. Ki\u015fiselle\u015ftirilmi\u015f etkile\u015fimlerle sad\u0131k bir m\u00fc\u015fteri kitlesi olu\u015fturun ve sat\u0131\u015flar\u0131n\u0131z\u0131 art\u0131r\u0131n. Yapay zekan\u0131n sundu\u011fu bu g\u00fc\u00e7l\u00fc ara\u00e7la her etkile\u015fimde fark yarat\u0131n, rekabette bir ad\u0131m \u00f6ne ge\u00e7in!<\/h2>\t\t\t\t<\/div>\n\t\t\t\t<\/div>\n\t\t\t\t<\/div>\n\t\t\t\t\t<\/div>\n\t\t\t\t<\/div>\n\t\t<div class=\"elementor-element elementor-element-c77bd7a e-flex e-con-boxed e-con e-parent\" data-id=\"c77bd7a\" data-element_type=\"container\">\n\t\t\t\t\t<div class=\"e-con-inner\">\n\t\t<div class=\"elementor-element elementor-element-6b02acf e-con-full e-flex e-con e-child\" data-id=\"6b02acf\" data-element_type=\"container\">\n\t\t\t\t<div class=\"elementor-element elementor-element-3f5d405 elementor-widget elementor-widget-spacer\" data-id=\"3f5d405\" data-element_type=\"widget\" data-widget_type=\"spacer.default\">\n\t\t\t\t<div class=\"elementor-widget-container\">\n\t\t\t\t\t\t\t<div class=\"elementor-spacer\">\n\t\t\t<div class=\"elementor-spacer-inner\"><\/div>\n\t\t<\/div>\n\t\t\t\t\t\t<\/div>\n\t\t\t\t<\/div>\n\t\t\t\t<\/div>\n\t\t\t\t\t<\/div>\n\t\t\t\t<\/div>\n\t\t\t\t<\/div>","protected":false},"excerpt":{"rendered":"<p>Intent Understanding Technology It is a technology used to understand customers&#8217; intents, demands, and emotions. This technology employs natural language processing (NLP) and machine learning methods to identify the true purpose behind customer statements and provide appropriate responses. This enables more effective and personalized customer service. With this technology, artificial [&hellip;]<\/p>","protected":false},"author":1,"featured_media":0,"parent":0,"menu_order":0,"comment_status":"closed","ping_status":"closed","template":"","meta":{"_monsterinsights_skip_tracking":false,"_monsterinsights_sitenote_active":false,"_monsterinsights_sitenote_note":"","_monsterinsights_sitenote_category":0,"site-sidebar-layout":"no-sidebar","site-content-layout":"","ast-site-content-layout":"full-width-container","site-content-style":"default","site-sidebar-style":"default","ast-global-header-display":"","ast-banner-title-visibility":"","ast-main-header-display":"","ast-hfb-above-header-display":"","ast-hfb-below-header-display":"","ast-hfb-mobile-header-display":"","site-post-title":"disabled","ast-breadcrumbs-content":"","ast-featured-img":"disabled","footer-sml-layout":"","theme-transparent-header-meta":"","adv-header-id-meta":"","stick-header-meta":"","header-above-stick-meta":"","header-main-stick-meta":"","header-below-stick-meta":"","astra-migrate-meta-layouts":"default","ast-page-background-enabled":"default","ast-page-background-meta":{"desktop":{"background-color":"var(--ast-global-color-4)","background-image":"","background-repeat":"repeat","background-position":"center center","background-size":"auto","background-attachment":"scroll","background-type":"","background-media":"","overlay-type":"","overlay-color":"","overlay-opacity":"","overlay-gradient":""},"tablet":{"background-color":"","background-image":"","background-repeat":"repeat","background-position":"center center","background-size":"auto","background-attachment":"scroll","background-type":"","background-media":"","overlay-type":"","overlay-color":"","overlay-opacity":"","overlay-gradient":""},"mobile":{"background-color":"","background-image":"","background-repeat":"repeat","background-position":"center center","background-size":"auto","background-attachment":"scroll","background-type":"","background-media":"","overlay-type":"","overlay-color":"","overlay-opacity":"","overlay-gradient":""}},"ast-content-background-meta":{"desktop":{"background-color":"var(--ast-global-color-5)","background-image":"","background-repeat":"repeat","background-position":"center center","background-size":"auto","background-attachment":"scroll","background-type":"","background-media":"","overlay-type":"","overlay-color":"","overlay-opacity":"","overlay-gradient":""},"tablet":{"background-color":"var(--ast-global-color-5)","background-image":"","background-repeat":"repeat","background-position":"center center","background-size":"auto","background-attachment":"scroll","background-type":"","background-media":"","overlay-type":"","overlay-color":"","overlay-opacity":"","overlay-gradient":""},"mobile":{"background-color":"var(--ast-global-color-5)","background-image":"","background-repeat":"repeat","background-position":"center center","background-size":"auto","background-attachment":"scroll","background-type":"","background-media":"","overlay-type":"","overlay-color":"","overlay-opacity":"","overlay-gradient":""}},"footnotes":""},"class_list":["post-85","page","type-page","status-publish","hentry"],"yoast_head":"<!-- This site is optimized with the Yoast SEO plugin v26.4 - https:\/\/yoast.com\/wordpress\/plugins\/seo\/ -->\n<title>Intent Understanding Technology - Hardlex Group Artificial Intelligence<\/title>\n<meta name=\"description\" content=\"Discover Hardlex Group&#039;s Intent Understanding Technology, designed to enhance customer interactions. Our AI solutions accurately interpret customer intentions, providing personalized responses that improve engagement and satisfaction. Transform your customer experience with our innovative technology!\" \/>\n<meta name=\"robots\" content=\"index, follow, max-snippet:-1, max-image-preview:large, max-video-preview:-1\" \/>\n<link rel=\"canonical\" href=\"https:\/\/www.hardlexgroup.com.tr\/tr\/intent-understanding-technology\/\" \/>\n<meta property=\"og:locale\" content=\"tr_TR\" \/>\n<meta property=\"og:type\" content=\"article\" \/>\n<meta property=\"og:title\" content=\"Intent Understanding Technology - Hardlex Group Artificial Intelligence\" \/>\n<meta property=\"og:description\" content=\"Discover Hardlex Group&#039;s Intent Understanding Technology, designed to enhance customer interactions. Our AI solutions accurately interpret customer intentions, providing personalized responses that improve engagement and satisfaction. Transform your customer experience with our innovative technology!\" \/>\n<meta property=\"og:url\" content=\"https:\/\/www.hardlexgroup.com.tr\/tr\/intent-understanding-technology\/\" \/>\n<meta property=\"og:site_name\" content=\"Hardlex Group Artificial Intelligence\" \/>\n<meta property=\"article:modified_time\" content=\"2024-09-26T17:56:57+00:00\" \/>\n<meta property=\"og:image\" content=\"http:\/\/www.hardlexgroup.com.tr\/wp-content\/uploads\/2024\/09\/tasarim3-1024x1024.png\" \/>\n<meta name=\"twitter:card\" content=\"summary_large_image\" \/>\n<meta name=\"twitter:label1\" content=\"Tahmini okuma s\u00fcresi\" \/>\n\t<meta name=\"twitter:data1\" content=\"1 dakika\" \/>\n<script type=\"application\/ld+json\" class=\"yoast-schema-graph\">{\"@context\":\"https:\/\/schema.org\",\"@graph\":[{\"@type\":\"WebPage\",\"@id\":\"https:\/\/www.hardlexgroup.com.tr\/intent-understanding-technology\/\",\"url\":\"https:\/\/www.hardlexgroup.com.tr\/intent-understanding-technology\/\",\"name\":\"Intent Understanding Technology - Hardlex Group Artificial Intelligence\",\"isPartOf\":{\"@id\":\"https:\/\/www.hardlexgroup.com.tr\/#website\"},\"primaryImageOfPage\":{\"@id\":\"https:\/\/www.hardlexgroup.com.tr\/intent-understanding-technology\/#primaryimage\"},\"image\":{\"@id\":\"https:\/\/www.hardlexgroup.com.tr\/intent-understanding-technology\/#primaryimage\"},\"thumbnailUrl\":\"http:\/\/www.hardlexgroup.com.tr\/wp-content\/uploads\/2024\/09\/tasarim3-1024x1024.png\",\"datePublished\":\"2024-09-19T20:53:41+00:00\",\"dateModified\":\"2024-09-26T17:56:57+00:00\",\"description\":\"Discover Hardlex Group's Intent Understanding Technology, designed to enhance customer interactions. Our AI solutions accurately interpret customer intentions, providing personalized responses that improve engagement and satisfaction. Transform your customer experience with our innovative technology!\",\"breadcrumb\":{\"@id\":\"https:\/\/www.hardlexgroup.com.tr\/intent-understanding-technology\/#breadcrumb\"},\"inLanguage\":\"tr\",\"potentialAction\":[{\"@type\":\"ReadAction\",\"target\":[\"https:\/\/www.hardlexgroup.com.tr\/intent-understanding-technology\/\"]}]},{\"@type\":\"ImageObject\",\"inLanguage\":\"tr\",\"@id\":\"https:\/\/www.hardlexgroup.com.tr\/intent-understanding-technology\/#primaryimage\",\"url\":\"http:\/\/www.hardlexgroup.com.tr\/wp-content\/uploads\/2024\/09\/tasarim3-1024x1024.png\",\"contentUrl\":\"http:\/\/www.hardlexgroup.com.tr\/wp-content\/uploads\/2024\/09\/tasarim3-1024x1024.png\"},{\"@type\":\"BreadcrumbList\",\"@id\":\"https:\/\/www.hardlexgroup.com.tr\/intent-understanding-technology\/#breadcrumb\",\"itemListElement\":[{\"@type\":\"ListItem\",\"position\":1,\"name\":\"Anasayfa\",\"item\":\"https:\/\/www.hardlexgroup.com.tr\/\"},{\"@type\":\"ListItem\",\"position\":2,\"name\":\"Intent Understanding Technology\"}]},{\"@type\":\"WebSite\",\"@id\":\"https:\/\/www.hardlexgroup.com.tr\/#website\",\"url\":\"https:\/\/www.hardlexgroup.com.tr\/\",\"name\":\"Hardlex Group Artificial Intelligence\",\"description\":\"\u00c7ok Y\u00f6nl\u00fc Yapay Zeka \u00c7\u00f6z\u00fcmleri\",\"publisher\":{\"@id\":\"https:\/\/www.hardlexgroup.com.tr\/#organization\"},\"potentialAction\":[{\"@type\":\"SearchAction\",\"target\":{\"@type\":\"EntryPoint\",\"urlTemplate\":\"https:\/\/www.hardlexgroup.com.tr\/?s={search_term_string}\"},\"query-input\":{\"@type\":\"PropertyValueSpecification\",\"valueRequired\":true,\"valueName\":\"search_term_string\"}}],\"inLanguage\":\"tr\"},{\"@type\":\"Organization\",\"@id\":\"https:\/\/www.hardlexgroup.com.tr\/#organization\",\"name\":\"Hardlex Group Artificial Intelligence | T\u00fcrkiye Lider Yapay Zeka \u015eirketi\",\"url\":\"https:\/\/www.hardlexgroup.com.tr\/\",\"logo\":{\"@type\":\"ImageObject\",\"inLanguage\":\"tr\",\"@id\":\"https:\/\/www.hardlexgroup.com.tr\/#\/schema\/logo\/image\/\",\"url\":\"https:\/\/www.hardlexgroup.com.tr\/wp-content\/uploads\/2024\/09\/H2D-fotor-20240920143715.png\",\"contentUrl\":\"https:\/\/www.hardlexgroup.com.tr\/wp-content\/uploads\/2024\/09\/H2D-fotor-20240920143715.png\",\"width\":654,\"height\":654,\"caption\":\"Hardlex Group Artificial Intelligence | T\u00fcrkiye Lider Yapay Zeka \u015eirketi\"},\"image\":{\"@id\":\"https:\/\/www.hardlexgroup.com.tr\/#\/schema\/logo\/image\/\"}}]}<\/script>\n<!-- \/ Yoast SEO plugin. -->","yoast_head_json":{"title":"Intent Understanding Technology - Hardlex Group Artificial Intelligence","description":"Discover Hardlex Group's Intent Understanding Technology, designed to enhance customer interactions. Our AI solutions accurately interpret customer intentions, providing personalized responses that improve engagement and satisfaction. Transform your customer experience with our innovative technology!","robots":{"index":"index","follow":"follow","max-snippet":"max-snippet:-1","max-image-preview":"max-image-preview:large","max-video-preview":"max-video-preview:-1"},"canonical":"https:\/\/www.hardlexgroup.com.tr\/tr\/intent-understanding-technology\/","og_locale":"tr_TR","og_type":"article","og_title":"Intent Understanding Technology - Hardlex Group Artificial Intelligence","og_description":"Discover Hardlex Group's Intent Understanding Technology, designed to enhance customer interactions. Our AI solutions accurately interpret customer intentions, providing personalized responses that improve engagement and satisfaction. Transform your customer experience with our innovative technology!","og_url":"https:\/\/www.hardlexgroup.com.tr\/tr\/intent-understanding-technology\/","og_site_name":"Hardlex Group Artificial Intelligence","article_modified_time":"2024-09-26T17:56:57+00:00","og_image":[{"url":"http:\/\/www.hardlexgroup.com.tr\/wp-content\/uploads\/2024\/09\/tasarim3-1024x1024.png","type":"","width":"","height":""}],"twitter_card":"summary_large_image","twitter_misc":{"Tahmini okuma s\u00fcresi":"1 dakika"},"schema":{"@context":"https:\/\/schema.org","@graph":[{"@type":"WebPage","@id":"https:\/\/www.hardlexgroup.com.tr\/intent-understanding-technology\/","url":"https:\/\/www.hardlexgroup.com.tr\/intent-understanding-technology\/","name":"Intent Understanding Technology - Hardlex Group Artificial Intelligence","isPartOf":{"@id":"https:\/\/www.hardlexgroup.com.tr\/#website"},"primaryImageOfPage":{"@id":"https:\/\/www.hardlexgroup.com.tr\/intent-understanding-technology\/#primaryimage"},"image":{"@id":"https:\/\/www.hardlexgroup.com.tr\/intent-understanding-technology\/#primaryimage"},"thumbnailUrl":"http:\/\/www.hardlexgroup.com.tr\/wp-content\/uploads\/2024\/09\/tasarim3-1024x1024.png","datePublished":"2024-09-19T20:53:41+00:00","dateModified":"2024-09-26T17:56:57+00:00","description":"Discover Hardlex Group's Intent Understanding Technology, designed to enhance customer interactions. Our AI solutions accurately interpret customer intentions, providing personalized responses that improve engagement and satisfaction. Transform your customer experience with our innovative technology!","breadcrumb":{"@id":"https:\/\/www.hardlexgroup.com.tr\/intent-understanding-technology\/#breadcrumb"},"inLanguage":"tr","potentialAction":[{"@type":"ReadAction","target":["https:\/\/www.hardlexgroup.com.tr\/intent-understanding-technology\/"]}]},{"@type":"ImageObject","inLanguage":"tr","@id":"https:\/\/www.hardlexgroup.com.tr\/intent-understanding-technology\/#primaryimage","url":"http:\/\/www.hardlexgroup.com.tr\/wp-content\/uploads\/2024\/09\/tasarim3-1024x1024.png","contentUrl":"http:\/\/www.hardlexgroup.com.tr\/wp-content\/uploads\/2024\/09\/tasarim3-1024x1024.png"},{"@type":"BreadcrumbList","@id":"https:\/\/www.hardlexgroup.com.tr\/intent-understanding-technology\/#breadcrumb","itemListElement":[{"@type":"ListItem","position":1,"name":"Anasayfa","item":"https:\/\/www.hardlexgroup.com.tr\/"},{"@type":"ListItem","position":2,"name":"Intent Understanding Technology"}]},{"@type":"WebSite","@id":"https:\/\/www.hardlexgroup.com.tr\/#website","url":"https:\/\/www.hardlexgroup.com.tr\/","name":"Hardlex Group Artificial Intelligence","description":"\u00c7ok Y\u00f6nl\u00fc Yapay Zeka \u00c7\u00f6z\u00fcmleri","publisher":{"@id":"https:\/\/www.hardlexgroup.com.tr\/#organization"},"potentialAction":[{"@type":"SearchAction","target":{"@type":"EntryPoint","urlTemplate":"https:\/\/www.hardlexgroup.com.tr\/?s={search_term_string}"},"query-input":{"@type":"PropertyValueSpecification","valueRequired":true,"valueName":"search_term_string"}}],"inLanguage":"tr"},{"@type":"Organization","@id":"https:\/\/www.hardlexgroup.com.tr\/#organization","name":"Hardlex Group Artificial Intelligence | T\u00fcrkiye Lider Yapay Zeka \u015eirketi","url":"https:\/\/www.hardlexgroup.com.tr\/","logo":{"@type":"ImageObject","inLanguage":"tr","@id":"https:\/\/www.hardlexgroup.com.tr\/#\/schema\/logo\/image\/","url":"https:\/\/www.hardlexgroup.com.tr\/wp-content\/uploads\/2024\/09\/H2D-fotor-20240920143715.png","contentUrl":"https:\/\/www.hardlexgroup.com.tr\/wp-content\/uploads\/2024\/09\/H2D-fotor-20240920143715.png","width":654,"height":654,"caption":"Hardlex Group Artificial Intelligence | T\u00fcrkiye Lider Yapay Zeka \u015eirketi"},"image":{"@id":"https:\/\/www.hardlexgroup.com.tr\/#\/schema\/logo\/image\/"}}]}},"_links":{"self":[{"href":"https:\/\/www.hardlexgroup.com.tr\/tr\/wp-json\/wp\/v2\/pages\/85","targetHints":{"allow":["GET"]}}],"collection":[{"href":"https:\/\/www.hardlexgroup.com.tr\/tr\/wp-json\/wp\/v2\/pages"}],"about":[{"href":"https:\/\/www.hardlexgroup.com.tr\/tr\/wp-json\/wp\/v2\/types\/page"}],"author":[{"embeddable":true,"href":"https:\/\/www.hardlexgroup.com.tr\/tr\/wp-json\/wp\/v2\/users\/1"}],"replies":[{"embeddable":true,"href":"https:\/\/www.hardlexgroup.com.tr\/tr\/wp-json\/wp\/v2\/comments?post=85"}],"version-history":[{"count":20,"href":"https:\/\/www.hardlexgroup.com.tr\/tr\/wp-json\/wp\/v2\/pages\/85\/revisions"}],"predecessor-version":[{"id":462,"href":"https:\/\/www.hardlexgroup.com.tr\/tr\/wp-json\/wp\/v2\/pages\/85\/revisions\/462"}],"wp:attachment":[{"href":"https:\/\/www.hardlexgroup.com.tr\/tr\/wp-json\/wp\/v2\/media?parent=85"}],"curies":[{"name":"wp","href":"https:\/\/api.w.org\/{rel}","templated":true}]}}