{"id":924,"date":"2025-05-18T19:06:01","date_gmt":"2025-05-18T16:06:01","guid":{"rendered":"https:\/\/www.hardlexgroup.com.tr\/?page_id=924"},"modified":"2025-11-27T22:09:43","modified_gmt":"2025-11-27T19:09:43","slug":"partners","status":"publish","type":"page","link":"https:\/\/www.hardlexgroup.com.tr\/tr\/partners\/","title":{"rendered":"\u0130\u015f Ortaklar\u0131m\u0131z"},"content":{"rendered":"<div data-elementor-type=\"wp-page\" data-elementor-id=\"924\" class=\"elementor elementor-924\">\n\t\t\t\t<div class=\"elementor-element elementor-element-b57ad8a e-flex e-con-boxed e-con e-parent\" data-id=\"b57ad8a\" data-element_type=\"container\">\n\t\t\t\t\t<div class=\"e-con-inner\">\n\t\t\t\t\t<\/div>\n\t\t\t\t<\/div>\n\t\t<div class=\"elementor-element elementor-element-627c655 e-flex e-con-boxed e-con e-parent\" data-id=\"627c655\" data-element_type=\"container\">\n\t\t\t\t\t<div class=\"e-con-inner\">\n\t\t\t\t<div class=\"elementor-element elementor-element-1e88ac6 elementor-widget elementor-widget-heading\" data-id=\"1e88ac6\" data-element_type=\"widget\" data-widget_type=\"heading.default\">\n\t\t\t\t<div class=\"elementor-widget-container\">\n\t\t\t\t\t<h1 class=\"elementor-heading-title elementor-size-default\">\u0130\u015f Ortaklar\u0131m\u0131z<\/h1>\t\t\t\t<\/div>\n\t\t\t\t<\/div>\n\t\t\t\t\t<\/div>\n\t\t\t\t<\/div>\n\t\t<div class=\"elementor-element elementor-element-40587e2 e-flex e-con-boxed e-con e-parent\" data-id=\"40587e2\" data-element_type=\"container\">\n\t\t\t\t\t<div class=\"e-con-inner\">\n\t\t<div class=\"elementor-element elementor-element-70a57c3 e-con-full e-flex e-con e-child\" data-id=\"70a57c3\" data-element_type=\"container\">\n\t\t\t\t<div class=\"elementor-element elementor-element-01621a0 elementor-widget elementor-widget-text-editor\" data-id=\"01621a0\" data-element_type=\"widget\" data-widget_type=\"text-editor.default\">\n\t\t\t\t<div class=\"elementor-widget-container\">\n\t\t\t\t\t\t\t\t\t<p style=\"text-align: center;\"><span style=\"color: #ffffff;\">Hardlex Group olarak, yenilik\u00e7i \u00e7\u00f6z\u00fcmlerimizin eri\u015fimini geni\u015fletmek i\u00e7in g\u00fc\u00e7l\u00fc i\u015f ortakl\u0131klar\u0131 kuruyoruz. Her bir partnerimiz, vizyonumuzu payla\u015fan ve kar\u015f\u0131l\u0131kl\u0131 b\u00fcy\u00fcmeye katk\u0131 sa\u011flayan de\u011ferli bir i\u015f orta\u011f\u0131m\u0131zd\u0131r.<\/span><\/p>\t\t\t\t\t\t\t\t<\/div>\n\t\t\t\t<\/div>\n\t\t\t\t<\/div>\n\t\t\t\t\t<\/div>\n\t\t\t\t<\/div>\n\t\t<div class=\"elementor-element elementor-element-b415a4f e-flex e-con-boxed e-con e-parent\" data-id=\"b415a4f\" data-element_type=\"container\">\n\t\t\t\t\t<div class=\"e-con-inner\">\n\t\t<div class=\"elementor-element elementor-element-9122d69 e-con-full e-flex e-con e-child\" data-id=\"9122d69\" data-element_type=\"container\">\n\t\t\t\t<div class=\"elementor-element elementor-element-44776cc elementor-widget elementor-widget-image\" data-id=\"44776cc\" data-element_type=\"widget\" data-widget_type=\"image.default\">\n\t\t\t\t<div class=\"elementor-widget-container\">\n\t\t\t\t\t\t\t\t\t\t\t\t\t\t\t<img fetchpriority=\"high\" decoding=\"async\" width=\"1024\" height=\"286\" src=\"https:\/\/www.hardlexgroup.com.tr\/wp-content\/uploads\/2025\/05\/weworklogo-white-1024x286.png\" class=\"attachment-large size-large wp-image-918\" alt=\"weworkdijitallogo\" srcset=\"https:\/\/www.hardlexgroup.com.tr\/wp-content\/uploads\/2025\/05\/weworklogo-white-1024x286.png 1024w, https:\/\/www.hardlexgroup.com.tr\/wp-content\/uploads\/2025\/05\/weworklogo-white-300x84.png 300w, https:\/\/www.hardlexgroup.com.tr\/wp-content\/uploads\/2025\/05\/weworklogo-white-768x215.png 768w, https:\/\/www.hardlexgroup.com.tr\/wp-content\/uploads\/2025\/05\/weworklogo-white.png 1280w\" sizes=\"(max-width: 1024px) 100vw, 1024px\" \/>\t\t\t\t\t\t\t\t\t\t\t\t\t\t\t<\/div>\n\t\t\t\t<\/div>\n\t\t\t\t<\/div>\n\t\t<div class=\"elementor-element elementor-element-806c93e e-con-full e-flex e-con e-child\" data-id=\"806c93e\" data-element_type=\"container\">\n\t\t\t\t<div class=\"elementor-element elementor-element-7b0cc2f elementor-widget elementor-widget-text-editor\" data-id=\"7b0cc2f\" data-element_type=\"widget\" data-widget_type=\"text-editor.default\">\n\t\t\t\t<div class=\"elementor-widget-container\">\n\t\t\t\t\t\t\t\t\t<p><span style=\"color: #ffffff;\">WeWork Dijital ile ger\u00e7ekle\u015ftirdi\u011fimiz stratejik i\u015f birli\u011fi, <strong data-start=\"437\" data-end=\"455\">WeWork Dijital<\/strong> destekli \u00e7\u00f6z\u00fcmlerimizi daha geni\u015f bir i\u015fletme yelpazesine ula\u015ft\u0131rmam\u0131za olanak tan\u0131r. Dijital d\u00f6n\u00fc\u015f\u00fcm vizyonumuzu payla\u015fan bu de\u011ferli i\u015f orta\u011f\u0131m\u0131z, inovasyona katk\u0131 sa\u011flar ve s\u00fcrd\u00fcr\u00fclebilir b\u00fcy\u00fcmeyi destekler.<\/span><\/p>\t\t\t\t\t\t\t\t<\/div>\n\t\t\t\t<\/div>\n\t\t\t\t<div class=\"elementor-element elementor-element-9dfe14d elementor-align-center elementor-widget elementor-widget-button\" data-id=\"9dfe14d\" data-element_type=\"widget\" data-settings=\"{&quot;_animation&quot;:&quot;none&quot;}\" data-widget_type=\"button.default\">\n\t\t\t\t<div class=\"elementor-widget-container\">\n\t\t\t\t\t\t\t\t\t<div class=\"elementor-button-wrapper\">\n\t\t\t\t\t<a class=\"elementor-button elementor-button-link elementor-size-sm elementor-animation-grow\" href=\"https:\/\/weworkdijital.com\/\">\n\t\t\t\t\t\t<span class=\"elementor-button-content-wrapper\">\n\t\t\t\t\t\t\t\t\t<span class=\"elementor-button-text\">Ke\u015ffetmek \u0130\u00e7in T\u0131klay\u0131n!<\/span>\n\t\t\t\t\t<\/span>\n\t\t\t\t\t<\/a>\n\t\t\t\t<\/div>\n\t\t\t\t\t\t\t\t<\/div>\n\t\t\t\t<\/div>\n\t\t\t\t<\/div>\n\t\t\t\t\t<\/div>\n\t\t\t\t<\/div>\n\t\t<div class=\"elementor-element elementor-element-4f45ebe e-flex e-con-boxed e-con e-parent\" data-id=\"4f45ebe\" data-element_type=\"container\">\n\t\t\t\t\t<div class=\"e-con-inner\">\n\t\t<div class=\"elementor-element elementor-element-e7e17b4 e-con-full e-flex e-con e-child\" data-id=\"e7e17b4\" data-element_type=\"container\">\n\t\t\t\t<div class=\"elementor-element elementor-element-4a3929c elementor-widget elementor-widget-image\" data-id=\"4a3929c\" data-element_type=\"widget\" data-widget_type=\"image.default\">\n\t\t\t\t<div class=\"elementor-widget-container\">\n\t\t\t\t\t\t\t\t\t\t\t\t\t\t\t<img decoding=\"async\" width=\"1024\" height=\"533\" data-src=\"https:\/\/www.hardlexgroup.com.tr\/wp-content\/uploads\/2025\/11\/Adsiz-740-x-1500-piksel-1920-x-1000-piksel-1024x533.png\" class=\"attachment-large size-large wp-image-1114 lazyload\" alt=\"metafonicslogobir\" data-srcset=\"https:\/\/www.hardlexgroup.com.tr\/wp-content\/uploads\/2025\/11\/Adsiz-740-x-1500-piksel-1920-x-1000-piksel-1024x533.png 1024w, https:\/\/www.hardlexgroup.com.tr\/wp-content\/uploads\/2025\/11\/Adsiz-740-x-1500-piksel-1920-x-1000-piksel-300x156.png 300w, https:\/\/www.hardlexgroup.com.tr\/wp-content\/uploads\/2025\/11\/Adsiz-740-x-1500-piksel-1920-x-1000-piksel-768x400.png 768w, https:\/\/www.hardlexgroup.com.tr\/wp-content\/uploads\/2025\/11\/Adsiz-740-x-1500-piksel-1920-x-1000-piksel.png 1920w\" data-sizes=\"(max-width: 1024px) 100vw, 1024px\" src=\"data:image\/svg+xml;base64,PHN2ZyB3aWR0aD0iMSIgaGVpZ2h0PSIxIiB4bWxucz0iaHR0cDovL3d3dy53My5vcmcvMjAwMC9zdmciPjwvc3ZnPg==\" style=\"--smush-placeholder-width: 1024px; --smush-placeholder-aspect-ratio: 1024\/533;\" \/>\t\t\t\t\t\t\t\t\t\t\t\t\t\t\t<\/div>\n\t\t\t\t<\/div>\n\t\t\t\t<\/div>\n\t\t<div class=\"elementor-element elementor-element-024ad15 e-con-full e-flex e-con e-child\" data-id=\"024ad15\" data-element_type=\"container\">\n\t\t\t\t<div class=\"elementor-element elementor-element-761dd67 elementor-widget elementor-widget-text-editor\" data-id=\"761dd67\" data-element_type=\"widget\" data-widget_type=\"text-editor.default\">\n\t\t\t\t<div class=\"elementor-widget-container\">\n\t\t\t\t\t\t\t\t\t<p>Metafonics \u2014 an innovative company developing AI\u2011powered assistant solutions for call handling, sales, appointment scheduling and payment collection. As Hardlex Group, we provide Metafonics with advanced infrastructure and technical support. Through our cooperation, we deliver powerful, secure and efficient AI\u2011supported assistant systems to our clients.<\/p>\t\t\t\t\t\t\t\t<\/div>\n\t\t\t\t<\/div>\n\t\t\t\t<div class=\"elementor-element elementor-element-de015d5 elementor-align-center elementor-widget elementor-widget-button\" data-id=\"de015d5\" data-element_type=\"widget\" data-settings=\"{&quot;_animation&quot;:&quot;none&quot;}\" data-widget_type=\"button.default\">\n\t\t\t\t<div class=\"elementor-widget-container\">\n\t\t\t\t\t\t\t\t\t<div class=\"elementor-button-wrapper\">\n\t\t\t\t\t<a class=\"elementor-button elementor-button-link elementor-size-sm elementor-animation-grow\" href=\"https:\/\/metafonics.com\/\">\n\t\t\t\t\t\t<span class=\"elementor-button-content-wrapper\">\n\t\t\t\t\t\t\t\t\t<span class=\"elementor-button-text\">Ke\u015ffetmek \u0130\u00e7in T\u0131klay\u0131n!<\/span>\n\t\t\t\t\t<\/span>\n\t\t\t\t\t<\/a>\n\t\t\t\t<\/div>\n\t\t\t\t\t\t\t\t<\/div>\n\t\t\t\t<\/div>\n\t\t\t\t<\/div>\n\t\t\t\t\t<\/div>\n\t\t\t\t<\/div>\n\t\t\t\t<\/div>","protected":false},"excerpt":{"rendered":"<p>Our Partners At Hardlex Group, we build strong partnerships to expand the reach of our innovative solutions. Each of our partners is a valuable collaborator who shares our vision and contributes to mutual growth. Our strategic partnership with WeWork Dijital enables us to deliver our AI-powered solutions to a wider [&hellip;]<\/p>","protected":false},"author":1,"featured_media":0,"parent":0,"menu_order":0,"comment_status":"closed","ping_status":"closed","template":"","meta":{"_monsterinsights_skip_tracking":false,"_monsterinsights_sitenote_active":false,"_monsterinsights_sitenote_note":"","_monsterinsights_sitenote_category":0,"site-sidebar-layout":"no-sidebar","site-content-layout":"","ast-site-content-layout":"full-width-container","site-content-style":"default","site-sidebar-style":"default","ast-global-header-display":"","ast-banner-title-visibility":"","ast-main-header-display":"","ast-hfb-above-header-display":"","ast-hfb-below-header-display":"","ast-hfb-mobile-header-display":"","site-post-title":"disabled","ast-breadcrumbs-content":"","ast-featured-img":"disabled","footer-sml-layout":"","theme-transparent-header-meta":"","adv-header-id-meta":"","stick-header-meta":"","header-above-stick-meta":"","header-main-stick-meta":"","header-below-stick-meta":"","astra-migrate-meta-layouts":"default","ast-page-background-enabled":"default","ast-page-background-meta":{"desktop":{"background-color":"var(--ast-global-color-4)","background-image":"","background-repeat":"repeat","background-position":"center center","background-size":"auto","background-attachment":"scroll","background-type":"","background-media":"","overlay-type":"","overlay-color":"","overlay-opacity":"","overlay-gradient":""},"tablet":{"background-color":"","background-image":"","background-repeat":"repeat","background-position":"center center","background-size":"auto","background-attachment":"scroll","background-type":"","background-media":"","overlay-type":"","overlay-color":"","overlay-opacity":"","overlay-gradient":""},"mobile":{"background-color":"","background-image":"","background-repeat":"repeat","background-position":"center center","background-size":"auto","background-attachment":"scroll","background-type":"","background-media":"","overlay-type":"","overlay-color":"","overlay-opacity":"","overlay-gradient":""}},"ast-content-background-meta":{"desktop":{"background-color":"var(--ast-global-color-5)","background-image":"","background-repeat":"repeat","background-position":"center center","background-size":"auto","background-attachment":"scroll","background-type":"","background-media":"","overlay-type":"","overlay-color":"","overlay-opacity":"","overlay-gradient":""},"tablet":{"background-color":"var(--ast-global-color-5)","background-image":"","background-repeat":"repeat","background-position":"center center","background-size":"auto","background-attachment":"scroll","background-type":"","background-media":"","overlay-type":"","overlay-color":"","overlay-opacity":"","overlay-gradient":""},"mobile":{"background-color":"var(--ast-global-color-5)","background-image":"","background-repeat":"repeat","background-position":"center center","background-size":"auto","background-attachment":"scroll","background-type":"","background-media":"","overlay-type":"","overlay-color":"","overlay-opacity":"","overlay-gradient":""}},"footnotes":""},"class_list":["post-924","page","type-page","status-publish","hentry"],"yoast_head":"<!-- This site is optimized with the Yoast SEO plugin v26.4 - https:\/\/yoast.com\/wordpress\/plugins\/seo\/ -->\n<title>Trusted Business Partnerships | Hardlex Group Artificial Intelligence<\/title>\n<meta name=\"description\" content=\"Explore our trusted business partnerships that help deliver innovative AI solutions across various industries. Together, we drive digital transformation and sustainable growth.\" \/>\n<meta name=\"robots\" content=\"index, follow, max-snippet:-1, max-image-preview:large, max-video-preview:-1\" \/>\n<link rel=\"canonical\" href=\"https:\/\/www.hardlexgroup.com.tr\/tr\/partners\/\" \/>\n<meta property=\"og:locale\" content=\"tr_TR\" \/>\n<meta property=\"og:type\" content=\"article\" \/>\n<meta property=\"og:title\" content=\"Trusted Business Partnerships | Hardlex Group Artificial Intelligence\" \/>\n<meta property=\"og:description\" content=\"Explore our trusted business partnerships that help deliver innovative AI solutions across various industries. Together, we drive digital transformation and sustainable growth.\" \/>\n<meta property=\"og:url\" content=\"https:\/\/www.hardlexgroup.com.tr\/tr\/partners\/\" \/>\n<meta property=\"og:site_name\" content=\"Hardlex Group Artificial Intelligence\" \/>\n<meta property=\"article:modified_time\" content=\"2025-11-27T19:09:43+00:00\" \/>\n<meta property=\"og:image\" content=\"http:\/\/www.hardlexgroup.com.tr\/wp-content\/uploads\/2025\/05\/weworklogo-white-1024x286.png\" \/>\n<meta name=\"twitter:card\" content=\"summary_large_image\" \/>\n<meta name=\"twitter:label1\" content=\"Tahmini okuma s\u00fcresi\" \/>\n\t<meta name=\"twitter:data1\" content=\"1 dakika\" \/>\n<script type=\"application\/ld+json\" class=\"yoast-schema-graph\">{\"@context\":\"https:\/\/schema.org\",\"@graph\":[{\"@type\":\"WebPage\",\"@id\":\"https:\/\/www.hardlexgroup.com.tr\/tr\/partners\/\",\"url\":\"https:\/\/www.hardlexgroup.com.tr\/tr\/partners\/\",\"name\":\"Trusted Business Partnerships | Hardlex Group Artificial Intelligence\",\"isPartOf\":{\"@id\":\"https:\/\/www.hardlexgroup.com.tr\/#website\"},\"primaryImageOfPage\":{\"@id\":\"https:\/\/www.hardlexgroup.com.tr\/tr\/partners\/#primaryimage\"},\"image\":{\"@id\":\"https:\/\/www.hardlexgroup.com.tr\/tr\/partners\/#primaryimage\"},\"thumbnailUrl\":\"http:\/\/www.hardlexgroup.com.tr\/wp-content\/uploads\/2025\/05\/weworklogo-white-1024x286.png\",\"datePublished\":\"2025-05-18T16:06:01+00:00\",\"dateModified\":\"2025-11-27T19:09:43+00:00\",\"description\":\"Explore our trusted business partnerships that help deliver innovative AI solutions across various industries. Together, we drive digital transformation and sustainable growth.\",\"breadcrumb\":{\"@id\":\"https:\/\/www.hardlexgroup.com.tr\/tr\/partners\/#breadcrumb\"},\"inLanguage\":\"tr\",\"potentialAction\":[{\"@type\":\"ReadAction\",\"target\":[\"https:\/\/www.hardlexgroup.com.tr\/tr\/partners\/\"]}]},{\"@type\":\"ImageObject\",\"inLanguage\":\"tr\",\"@id\":\"https:\/\/www.hardlexgroup.com.tr\/tr\/partners\/#primaryimage\",\"url\":\"http:\/\/www.hardlexgroup.com.tr\/wp-content\/uploads\/2025\/05\/weworklogo-white-1024x286.png\",\"contentUrl\":\"http:\/\/www.hardlexgroup.com.tr\/wp-content\/uploads\/2025\/05\/weworklogo-white-1024x286.png\"},{\"@type\":\"BreadcrumbList\",\"@id\":\"https:\/\/www.hardlexgroup.com.tr\/tr\/partners\/#breadcrumb\",\"itemListElement\":[{\"@type\":\"ListItem\",\"position\":1,\"name\":\"Anasayfa\",\"item\":\"https:\/\/www.hardlexgroup.com.tr\/\"},{\"@type\":\"ListItem\",\"position\":2,\"name\":\"Our Partners\"}]},{\"@type\":\"WebSite\",\"@id\":\"https:\/\/www.hardlexgroup.com.tr\/#website\",\"url\":\"https:\/\/www.hardlexgroup.com.tr\/\",\"name\":\"Hardlex Group Artificial Intelligence\",\"description\":\"\u00c7ok Y\u00f6nl\u00fc Yapay Zeka \u00c7\u00f6z\u00fcmleri\",\"publisher\":{\"@id\":\"https:\/\/www.hardlexgroup.com.tr\/#organization\"},\"potentialAction\":[{\"@type\":\"SearchAction\",\"target\":{\"@type\":\"EntryPoint\",\"urlTemplate\":\"https:\/\/www.hardlexgroup.com.tr\/?s={search_term_string}\"},\"query-input\":{\"@type\":\"PropertyValueSpecification\",\"valueRequired\":true,\"valueName\":\"search_term_string\"}}],\"inLanguage\":\"tr\"},{\"@type\":\"Organization\",\"@id\":\"https:\/\/www.hardlexgroup.com.tr\/#organization\",\"name\":\"Hardlex Group Artificial Intelligence | T\u00fcrkiye Lider Yapay Zeka \u015eirketi\",\"url\":\"https:\/\/www.hardlexgroup.com.tr\/\",\"logo\":{\"@type\":\"ImageObject\",\"inLanguage\":\"tr\",\"@id\":\"https:\/\/www.hardlexgroup.com.tr\/#\/schema\/logo\/image\/\",\"url\":\"https:\/\/www.hardlexgroup.com.tr\/wp-content\/uploads\/2024\/09\/H2D-fotor-20240920143715.png\",\"contentUrl\":\"https:\/\/www.hardlexgroup.com.tr\/wp-content\/uploads\/2024\/09\/H2D-fotor-20240920143715.png\",\"width\":654,\"height\":654,\"caption\":\"Hardlex Group Artificial Intelligence | T\u00fcrkiye Lider Yapay Zeka \u015eirketi\"},\"image\":{\"@id\":\"https:\/\/www.hardlexgroup.com.tr\/#\/schema\/logo\/image\/\"}}]}<\/script>\n<!-- \/ Yoast SEO plugin. -->","yoast_head_json":{"title":"Trusted Business Partnerships | Hardlex Group Artificial Intelligence","description":"Explore our trusted business partnerships that help deliver innovative AI solutions across various industries. Together, we drive digital transformation and sustainable growth.","robots":{"index":"index","follow":"follow","max-snippet":"max-snippet:-1","max-image-preview":"max-image-preview:large","max-video-preview":"max-video-preview:-1"},"canonical":"https:\/\/www.hardlexgroup.com.tr\/tr\/partners\/","og_locale":"tr_TR","og_type":"article","og_title":"Trusted Business Partnerships | Hardlex Group Artificial Intelligence","og_description":"Explore our trusted business partnerships that help deliver innovative AI solutions across various industries. Together, we drive digital transformation and sustainable growth.","og_url":"https:\/\/www.hardlexgroup.com.tr\/tr\/partners\/","og_site_name":"Hardlex Group Artificial Intelligence","article_modified_time":"2025-11-27T19:09:43+00:00","og_image":[{"url":"http:\/\/www.hardlexgroup.com.tr\/wp-content\/uploads\/2025\/05\/weworklogo-white-1024x286.png","type":"","width":"","height":""}],"twitter_card":"summary_large_image","twitter_misc":{"Tahmini okuma s\u00fcresi":"1 dakika"},"schema":{"@context":"https:\/\/schema.org","@graph":[{"@type":"WebPage","@id":"https:\/\/www.hardlexgroup.com.tr\/tr\/partners\/","url":"https:\/\/www.hardlexgroup.com.tr\/tr\/partners\/","name":"Trusted Business Partnerships | Hardlex Group Artificial Intelligence","isPartOf":{"@id":"https:\/\/www.hardlexgroup.com.tr\/#website"},"primaryImageOfPage":{"@id":"https:\/\/www.hardlexgroup.com.tr\/tr\/partners\/#primaryimage"},"image":{"@id":"https:\/\/www.hardlexgroup.com.tr\/tr\/partners\/#primaryimage"},"thumbnailUrl":"http:\/\/www.hardlexgroup.com.tr\/wp-content\/uploads\/2025\/05\/weworklogo-white-1024x286.png","datePublished":"2025-05-18T16:06:01+00:00","dateModified":"2025-11-27T19:09:43+00:00","description":"Explore our trusted business partnerships that help deliver innovative AI solutions across various industries. Together, we drive digital transformation and sustainable growth.","breadcrumb":{"@id":"https:\/\/www.hardlexgroup.com.tr\/tr\/partners\/#breadcrumb"},"inLanguage":"tr","potentialAction":[{"@type":"ReadAction","target":["https:\/\/www.hardlexgroup.com.tr\/tr\/partners\/"]}]},{"@type":"ImageObject","inLanguage":"tr","@id":"https:\/\/www.hardlexgroup.com.tr\/tr\/partners\/#primaryimage","url":"http:\/\/www.hardlexgroup.com.tr\/wp-content\/uploads\/2025\/05\/weworklogo-white-1024x286.png","contentUrl":"http:\/\/www.hardlexgroup.com.tr\/wp-content\/uploads\/2025\/05\/weworklogo-white-1024x286.png"},{"@type":"BreadcrumbList","@id":"https:\/\/www.hardlexgroup.com.tr\/tr\/partners\/#breadcrumb","itemListElement":[{"@type":"ListItem","position":1,"name":"Anasayfa","item":"https:\/\/www.hardlexgroup.com.tr\/"},{"@type":"ListItem","position":2,"name":"Our Partners"}]},{"@type":"WebSite","@id":"https:\/\/www.hardlexgroup.com.tr\/#website","url":"https:\/\/www.hardlexgroup.com.tr\/","name":"Hardlex Group Artificial Intelligence","description":"\u00c7ok Y\u00f6nl\u00fc Yapay Zeka \u00c7\u00f6z\u00fcmleri","publisher":{"@id":"https:\/\/www.hardlexgroup.com.tr\/#organization"},"potentialAction":[{"@type":"SearchAction","target":{"@type":"EntryPoint","urlTemplate":"https:\/\/www.hardlexgroup.com.tr\/?s={search_term_string}"},"query-input":{"@type":"PropertyValueSpecification","valueRequired":true,"valueName":"search_term_string"}}],"inLanguage":"tr"},{"@type":"Organization","@id":"https:\/\/www.hardlexgroup.com.tr\/#organization","name":"Hardlex Group Artificial Intelligence | T\u00fcrkiye Lider Yapay Zeka \u015eirketi","url":"https:\/\/www.hardlexgroup.com.tr\/","logo":{"@type":"ImageObject","inLanguage":"tr","@id":"https:\/\/www.hardlexgroup.com.tr\/#\/schema\/logo\/image\/","url":"https:\/\/www.hardlexgroup.com.tr\/wp-content\/uploads\/2024\/09\/H2D-fotor-20240920143715.png","contentUrl":"https:\/\/www.hardlexgroup.com.tr\/wp-content\/uploads\/2024\/09\/H2D-fotor-20240920143715.png","width":654,"height":654,"caption":"Hardlex Group Artificial Intelligence | T\u00fcrkiye Lider Yapay Zeka \u015eirketi"},"image":{"@id":"https:\/\/www.hardlexgroup.com.tr\/#\/schema\/logo\/image\/"}}]}},"_links":{"self":[{"href":"https:\/\/www.hardlexgroup.com.tr\/tr\/wp-json\/wp\/v2\/pages\/924","targetHints":{"allow":["GET"]}}],"collection":[{"href":"https:\/\/www.hardlexgroup.com.tr\/tr\/wp-json\/wp\/v2\/pages"}],"about":[{"href":"https:\/\/www.hardlexgroup.com.tr\/tr\/wp-json\/wp\/v2\/types\/page"}],"author":[{"embeddable":true,"href":"https:\/\/www.hardlexgroup.com.tr\/tr\/wp-json\/wp\/v2\/users\/1"}],"replies":[{"embeddable":true,"href":"https:\/\/www.hardlexgroup.com.tr\/tr\/wp-json\/wp\/v2\/comments?post=924"}],"version-history":[{"count":13,"href":"https:\/\/www.hardlexgroup.com.tr\/tr\/wp-json\/wp\/v2\/pages\/924\/revisions"}],"predecessor-version":[{"id":1117,"href":"https:\/\/www.hardlexgroup.com.tr\/tr\/wp-json\/wp\/v2\/pages\/924\/revisions\/1117"}],"wp:attachment":[{"href":"https:\/\/www.hardlexgroup.com.tr\/tr\/wp-json\/wp\/v2\/media?parent=924"}],"curies":[{"name":"wp","href":"https:\/\/api.w.org\/{rel}","templated":true}]}}