{"id":975,"date":"2025-06-15T16:58:33","date_gmt":"2025-06-15T13:58:33","guid":{"rendered":"https:\/\/www.hardlexgroup.com.tr\/?page_id=975"},"modified":"2025-06-15T17:32:15","modified_gmt":"2025-06-15T14:32:15","slug":"ai-agents-for-your-business","status":"publish","type":"page","link":"https:\/\/www.hardlexgroup.com.tr\/tr\/ai-agents-for-your-business\/","title":{"rendered":"\u0130\u015fletmeniz \u0130\u00e7in Yapay Zeka Ajanlar\u0131"},"content":{"rendered":"<div data-elementor-type=\"wp-page\" data-elementor-id=\"975\" class=\"elementor elementor-975\">\n\t\t\t\t<div class=\"elementor-element elementor-element-04d80db e-flex e-con-boxed e-con e-parent\" data-id=\"04d80db\" data-element_type=\"container\">\n\t\t\t\t\t<div class=\"e-con-inner\">\n\t\t\t\t\t<\/div>\n\t\t\t\t<\/div>\n\t\t<div class=\"elementor-element elementor-element-2cc3e6e e-flex e-con-boxed e-con e-parent\" data-id=\"2cc3e6e\" data-element_type=\"container\">\n\t\t\t\t\t<div class=\"e-con-inner\">\n\t\t\t\t<div class=\"elementor-element elementor-element-d93b6dc elementor-widget elementor-widget-heading\" data-id=\"d93b6dc\" data-element_type=\"widget\" data-widget_type=\"heading.default\">\n\t\t\t\t<div class=\"elementor-widget-container\">\n\t\t\t\t\t<h2 class=\"elementor-heading-title elementor-size-default\">AI AGENT  FOR YOUR BUSINESS<\/h2>\t\t\t\t<\/div>\n\t\t\t\t<\/div>\n\t\t\t\t\t<\/div>\n\t\t\t\t<\/div>\n\t\t<div class=\"elementor-element elementor-element-6c96064 e-flex e-con-boxed e-con e-parent\" data-id=\"6c96064\" data-element_type=\"container\">\n\t\t\t\t\t<div class=\"e-con-inner\">\n\t\t\t\t<div class=\"elementor-element elementor-element-afbac69 elementor-widget elementor-widget-text-editor\" data-id=\"afbac69\" data-element_type=\"widget\" data-widget_type=\"text-editor.default\">\n\t\t\t\t<div class=\"elementor-widget-container\">\n\t\t\t\t\t\t\t\t\t<p data-start=\"192\" data-end=\"385\">G\u00fcn\u00fcm\u00fcz \u00fcretkenli\u011finin merkezinde ak\u0131ll\u0131 i\u015f birli\u011fi yer al\u0131r. <strong data-start=\"264\" data-end=\"277\">Ajanlar\u0131m\u0131z<\/strong> sadece birer ara\u00e7 de\u011fildir \u2014 sizinle birlikte d\u00fc\u015f\u00fcnen, hareket eden ve geli\u015fen otonom dijital i\u015f arkada\u015flar\u0131d\u0131r.<\/p><p data-start=\"387\" data-end=\"692\">\u0130ster destek, ister strateji, ister yap\u0131land\u0131rma ihtiyac\u0131n\u0131z olsun; her bir agent, belirli g\u00f6revleri yerine getirmek \u00fczere \u00f6zel olarak tasarlanm\u0131\u015ft\u0131r \u2014 ki\u015fisel asistandan karma\u015f\u0131k veri odakl\u0131 operasyonlara kadar. Bu agent\u2019lar uyum i\u00e7inde \u00e7al\u0131\u015farak, i\u015f ak\u0131\u015flar\u0131n\u0131 sadele\u015ftiren ve ger\u00e7ek zamanl\u0131 karar alma s\u00fcre\u00e7lerini g\u00fc\u00e7lendiren ak\u0131ll\u0131 bir ekosistem olu\u015fturur.<\/p><p data-start=\"694\" data-end=\"912\">Biz, i\u015fletmenize uyum sa\u011flayan, ileti\u015fim kuran ve birlikte geli\u015fen bir zekaya inan\u0131yoruz. \u0130nsan benzeri ak\u0131l y\u00fcr\u00fctme yetene\u011fi ve durmaks\u0131z\u0131n s\u00fcren verimlili\u011fiyle AI agent\u2019lar\u0131m\u0131z, agent-to-agent \u00e7al\u0131\u015farak sistemlerinizin daima iki ad\u0131m \u00f6nde olmas\u0131n\u0131 sa\u011flar.<\/p><blockquote data-start=\"914\" data-end=\"983\"><p data-start=\"916\" data-end=\"983\">Bu, zeka ile g\u00fc\u00e7lenen bir evrimdir.<\/p><\/blockquote>\t\t\t\t\t\t\t\t<\/div>\n\t\t\t\t<\/div>\n\t\t\t\t\t<\/div>\n\t\t\t\t<\/div>\n\t\t<div class=\"elementor-element elementor-element-076e3e8 e-flex e-con-boxed e-con e-parent\" data-id=\"076e3e8\" data-element_type=\"container\">\n\t\t\t\t\t<div class=\"e-con-inner\">\n\t\t<div class=\"elementor-element elementor-element-beeaa52 e-con-full e-flex e-con e-child\" data-id=\"beeaa52\" data-element_type=\"container\">\n\t\t\t\t<div class=\"elementor-element elementor-element-03871cd elementor-widget elementor-widget-image\" data-id=\"03871cd\" data-element_type=\"widget\" data-widget_type=\"image.default\">\n\t\t\t\t<div class=\"elementor-widget-container\">\n\t\t\t\t\t\t\t\t\t\t\t\t\t\t\t<img fetchpriority=\"high\" decoding=\"async\" width=\"1024\" height=\"576\" src=\"https:\/\/www.hardlexgroup.com.tr\/wp-content\/uploads\/2025\/06\/MANAGER2AI-1024x576.png\" class=\"attachment-large size-large wp-image-981\" alt=\"manager\" srcset=\"https:\/\/www.hardlexgroup.com.tr\/wp-content\/uploads\/2025\/06\/MANAGER2AI-1024x576.png 1024w, https:\/\/www.hardlexgroup.com.tr\/wp-content\/uploads\/2025\/06\/MANAGER2AI-300x169.png 300w, https:\/\/www.hardlexgroup.com.tr\/wp-content\/uploads\/2025\/06\/MANAGER2AI-768x432.png 768w, https:\/\/www.hardlexgroup.com.tr\/wp-content\/uploads\/2025\/06\/MANAGER2AI-18x10.png 18w, https:\/\/www.hardlexgroup.com.tr\/wp-content\/uploads\/2025\/06\/MANAGER2AI.png 1440w\" sizes=\"(max-width: 1024px) 100vw, 1024px\" \/>\t\t\t\t\t\t\t\t\t\t\t\t\t\t\t<\/div>\n\t\t\t\t<\/div>\n\t\t\t\t<\/div>\n\t\t\t\t\t<\/div>\n\t\t\t\t<\/div>\n\t\t\t\t<\/div>","protected":false},"excerpt":{"rendered":"<p>AI AGENT FOR YOUR BUSINESS At the heart of modern productivity lies intelligent collaboration. Our AI Agents are not just tools \u2014 they are autonomous digital collaborators designed to think, act, and evolve with you. Whether you need support, strategy, or structure, each agent is purpose-built to handle specific tasks [&hellip;]<\/p>","protected":false},"author":1,"featured_media":0,"parent":0,"menu_order":0,"comment_status":"closed","ping_status":"closed","template":"","meta":{"_monsterinsights_skip_tracking":false,"_monsterinsights_sitenote_active":false,"_monsterinsights_sitenote_note":"","_monsterinsights_sitenote_category":0,"site-sidebar-layout":"no-sidebar","site-content-layout":"","ast-site-content-layout":"full-width-container","site-content-style":"default","site-sidebar-style":"default","ast-global-header-display":"","ast-banner-title-visibility":"","ast-main-header-display":"","ast-hfb-above-header-display":"","ast-hfb-below-header-display":"","ast-hfb-mobile-header-display":"","site-post-title":"disabled","ast-breadcrumbs-content":"","ast-featured-img":"disabled","footer-sml-layout":"","theme-transparent-header-meta":"","adv-header-id-meta":"","stick-header-meta":"","header-above-stick-meta":"","header-main-stick-meta":"","header-below-stick-meta":"","astra-migrate-meta-layouts":"default","ast-page-background-enabled":"default","ast-page-background-meta":{"desktop":{"background-color":"var(--ast-global-color-4)","background-image":"","background-repeat":"repeat","background-position":"center center","background-size":"auto","background-attachment":"scroll","background-type":"","background-media":"","overlay-type":"","overlay-color":"","overlay-opacity":"","overlay-gradient":""},"tablet":{"background-color":"","background-image":"","background-repeat":"repeat","background-position":"center center","background-size":"auto","background-attachment":"scroll","background-type":"","background-media":"","overlay-type":"","overlay-color":"","overlay-opacity":"","overlay-gradient":""},"mobile":{"background-color":"","background-image":"","background-repeat":"repeat","background-position":"center center","background-size":"auto","background-attachment":"scroll","background-type":"","background-media":"","overlay-type":"","overlay-color":"","overlay-opacity":"","overlay-gradient":""}},"ast-content-background-meta":{"desktop":{"background-color":"var(--ast-global-color-5)","background-image":"","background-repeat":"repeat","background-position":"center center","background-size":"auto","background-attachment":"scroll","background-type":"","background-media":"","overlay-type":"","overlay-color":"","overlay-opacity":"","overlay-gradient":""},"tablet":{"background-color":"var(--ast-global-color-5)","background-image":"","background-repeat":"repeat","background-position":"center center","background-size":"auto","background-attachment":"scroll","background-type":"","background-media":"","overlay-type":"","overlay-color":"","overlay-opacity":"","overlay-gradient":""},"mobile":{"background-color":"var(--ast-global-color-5)","background-image":"","background-repeat":"repeat","background-position":"center center","background-size":"auto","background-attachment":"scroll","background-type":"","background-media":"","overlay-type":"","overlay-color":"","overlay-opacity":"","overlay-gradient":""}},"footnotes":""},"class_list":["post-975","page","type-page","status-publish","hentry"],"yoast_head":"<!-- This site is optimized with the Yoast SEO plugin v26.4 - https:\/\/yoast.com\/wordpress\/plugins\/seo\/ -->\n<title>AI Agents for Your Business | Hardlex Group<\/title>\n<meta name=\"description\" content=\"Discover the power of AI Agents \u2014 autonomous digital assistants that simplify workflows, boost productivity, and work intelligently agent-to-agent.\" \/>\n<meta name=\"robots\" content=\"index, follow, max-snippet:-1, max-image-preview:large, max-video-preview:-1\" \/>\n<link rel=\"canonical\" href=\"https:\/\/www.hardlexgroup.com.tr\/tr\/ai-agents-for-your-business\/\" \/>\n<meta property=\"og:locale\" content=\"tr_TR\" \/>\n<meta property=\"og:type\" content=\"article\" \/>\n<meta property=\"og:title\" content=\"AI Agents for Your Business | Hardlex Group\" \/>\n<meta property=\"og:description\" content=\"Discover the power of AI Agents \u2014 autonomous digital assistants that simplify workflows, boost productivity, and work intelligently agent-to-agent.\" \/>\n<meta property=\"og:url\" content=\"https:\/\/www.hardlexgroup.com.tr\/tr\/ai-agents-for-your-business\/\" \/>\n<meta property=\"og:site_name\" content=\"Hardlex Group Artificial Intelligence\" \/>\n<meta property=\"article:modified_time\" content=\"2025-06-15T14:32:15+00:00\" \/>\n<meta property=\"og:image\" content=\"http:\/\/www.hardlexgroup.com.tr\/wp-content\/uploads\/2025\/06\/MANAGER2AI-1024x576.png\" \/>\n<meta name=\"twitter:card\" content=\"summary_large_image\" \/>\n<meta name=\"twitter:label1\" content=\"Tahmini okuma s\u00fcresi\" \/>\n\t<meta name=\"twitter:data1\" content=\"1 dakika\" \/>\n<script type=\"application\/ld+json\" class=\"yoast-schema-graph\">{\"@context\":\"https:\/\/schema.org\",\"@graph\":[{\"@type\":\"WebPage\",\"@id\":\"https:\/\/www.hardlexgroup.com.tr\/tr\/ai-agents-for-your-business\/\",\"url\":\"https:\/\/www.hardlexgroup.com.tr\/tr\/ai-agents-for-your-business\/\",\"name\":\"AI Agents for Your Business | Hardlex Group\",\"isPartOf\":{\"@id\":\"https:\/\/www.hardlexgroup.com.tr\/#website\"},\"primaryImageOfPage\":{\"@id\":\"https:\/\/www.hardlexgroup.com.tr\/tr\/ai-agents-for-your-business\/#primaryimage\"},\"image\":{\"@id\":\"https:\/\/www.hardlexgroup.com.tr\/tr\/ai-agents-for-your-business\/#primaryimage\"},\"thumbnailUrl\":\"http:\/\/www.hardlexgroup.com.tr\/wp-content\/uploads\/2025\/06\/MANAGER2AI-1024x576.png\",\"datePublished\":\"2025-06-15T13:58:33+00:00\",\"dateModified\":\"2025-06-15T14:32:15+00:00\",\"description\":\"Discover the power of AI Agents \u2014 autonomous digital assistants that simplify workflows, boost productivity, and work intelligently agent-to-agent.\",\"breadcrumb\":{\"@id\":\"https:\/\/www.hardlexgroup.com.tr\/tr\/ai-agents-for-your-business\/#breadcrumb\"},\"inLanguage\":\"tr\",\"potentialAction\":[{\"@type\":\"ReadAction\",\"target\":[\"https:\/\/www.hardlexgroup.com.tr\/tr\/ai-agents-for-your-business\/\"]}]},{\"@type\":\"ImageObject\",\"inLanguage\":\"tr\",\"@id\":\"https:\/\/www.hardlexgroup.com.tr\/tr\/ai-agents-for-your-business\/#primaryimage\",\"url\":\"http:\/\/www.hardlexgroup.com.tr\/wp-content\/uploads\/2025\/06\/MANAGER2AI-1024x576.png\",\"contentUrl\":\"http:\/\/www.hardlexgroup.com.tr\/wp-content\/uploads\/2025\/06\/MANAGER2AI-1024x576.png\"},{\"@type\":\"BreadcrumbList\",\"@id\":\"https:\/\/www.hardlexgroup.com.tr\/tr\/ai-agents-for-your-business\/#breadcrumb\",\"itemListElement\":[{\"@type\":\"ListItem\",\"position\":1,\"name\":\"Anasayfa\",\"item\":\"https:\/\/www.hardlexgroup.com.tr\/\"},{\"@type\":\"ListItem\",\"position\":2,\"name\":\"AI Agents For Your Business\"}]},{\"@type\":\"WebSite\",\"@id\":\"https:\/\/www.hardlexgroup.com.tr\/#website\",\"url\":\"https:\/\/www.hardlexgroup.com.tr\/\",\"name\":\"Hardlex Group Artificial Intelligence\",\"description\":\"\u00c7ok Y\u00f6nl\u00fc Yapay Zeka \u00c7\u00f6z\u00fcmleri\",\"publisher\":{\"@id\":\"https:\/\/www.hardlexgroup.com.tr\/#organization\"},\"potentialAction\":[{\"@type\":\"SearchAction\",\"target\":{\"@type\":\"EntryPoint\",\"urlTemplate\":\"https:\/\/www.hardlexgroup.com.tr\/?s={search_term_string}\"},\"query-input\":{\"@type\":\"PropertyValueSpecification\",\"valueRequired\":true,\"valueName\":\"search_term_string\"}}],\"inLanguage\":\"tr\"},{\"@type\":\"Organization\",\"@id\":\"https:\/\/www.hardlexgroup.com.tr\/#organization\",\"name\":\"Hardlex Group Artificial Intelligence | T\u00fcrkiye Lider Yapay Zeka \u015eirketi\",\"url\":\"https:\/\/www.hardlexgroup.com.tr\/\",\"logo\":{\"@type\":\"ImageObject\",\"inLanguage\":\"tr\",\"@id\":\"https:\/\/www.hardlexgroup.com.tr\/#\/schema\/logo\/image\/\",\"url\":\"https:\/\/www.hardlexgroup.com.tr\/wp-content\/uploads\/2024\/09\/H2D-fotor-20240920143715.png\",\"contentUrl\":\"https:\/\/www.hardlexgroup.com.tr\/wp-content\/uploads\/2024\/09\/H2D-fotor-20240920143715.png\",\"width\":654,\"height\":654,\"caption\":\"Hardlex Group Artificial Intelligence | T\u00fcrkiye Lider Yapay Zeka \u015eirketi\"},\"image\":{\"@id\":\"https:\/\/www.hardlexgroup.com.tr\/#\/schema\/logo\/image\/\"}}]}<\/script>\n<!-- \/ Yoast SEO plugin. -->","yoast_head_json":{"title":"AI Agents for Your Business | Hardlex Group","description":"Discover the power of AI Agents \u2014 autonomous digital assistants that simplify workflows, boost productivity, and work intelligently agent-to-agent.","robots":{"index":"index","follow":"follow","max-snippet":"max-snippet:-1","max-image-preview":"max-image-preview:large","max-video-preview":"max-video-preview:-1"},"canonical":"https:\/\/www.hardlexgroup.com.tr\/tr\/ai-agents-for-your-business\/","og_locale":"tr_TR","og_type":"article","og_title":"AI Agents for Your Business | Hardlex Group","og_description":"Discover the power of AI Agents \u2014 autonomous digital assistants that simplify workflows, boost productivity, and work intelligently agent-to-agent.","og_url":"https:\/\/www.hardlexgroup.com.tr\/tr\/ai-agents-for-your-business\/","og_site_name":"Hardlex Group Artificial Intelligence","article_modified_time":"2025-06-15T14:32:15+00:00","og_image":[{"url":"http:\/\/www.hardlexgroup.com.tr\/wp-content\/uploads\/2025\/06\/MANAGER2AI-1024x576.png","type":"","width":"","height":""}],"twitter_card":"summary_large_image","twitter_misc":{"Tahmini okuma s\u00fcresi":"1 dakika"},"schema":{"@context":"https:\/\/schema.org","@graph":[{"@type":"WebPage","@id":"https:\/\/www.hardlexgroup.com.tr\/tr\/ai-agents-for-your-business\/","url":"https:\/\/www.hardlexgroup.com.tr\/tr\/ai-agents-for-your-business\/","name":"AI Agents for Your Business | Hardlex Group","isPartOf":{"@id":"https:\/\/www.hardlexgroup.com.tr\/#website"},"primaryImageOfPage":{"@id":"https:\/\/www.hardlexgroup.com.tr\/tr\/ai-agents-for-your-business\/#primaryimage"},"image":{"@id":"https:\/\/www.hardlexgroup.com.tr\/tr\/ai-agents-for-your-business\/#primaryimage"},"thumbnailUrl":"http:\/\/www.hardlexgroup.com.tr\/wp-content\/uploads\/2025\/06\/MANAGER2AI-1024x576.png","datePublished":"2025-06-15T13:58:33+00:00","dateModified":"2025-06-15T14:32:15+00:00","description":"Discover the power of AI Agents \u2014 autonomous digital assistants that simplify workflows, boost productivity, and work intelligently agent-to-agent.","breadcrumb":{"@id":"https:\/\/www.hardlexgroup.com.tr\/tr\/ai-agents-for-your-business\/#breadcrumb"},"inLanguage":"tr","potentialAction":[{"@type":"ReadAction","target":["https:\/\/www.hardlexgroup.com.tr\/tr\/ai-agents-for-your-business\/"]}]},{"@type":"ImageObject","inLanguage":"tr","@id":"https:\/\/www.hardlexgroup.com.tr\/tr\/ai-agents-for-your-business\/#primaryimage","url":"http:\/\/www.hardlexgroup.com.tr\/wp-content\/uploads\/2025\/06\/MANAGER2AI-1024x576.png","contentUrl":"http:\/\/www.hardlexgroup.com.tr\/wp-content\/uploads\/2025\/06\/MANAGER2AI-1024x576.png"},{"@type":"BreadcrumbList","@id":"https:\/\/www.hardlexgroup.com.tr\/tr\/ai-agents-for-your-business\/#breadcrumb","itemListElement":[{"@type":"ListItem","position":1,"name":"Anasayfa","item":"https:\/\/www.hardlexgroup.com.tr\/"},{"@type":"ListItem","position":2,"name":"AI Agents For Your Business"}]},{"@type":"WebSite","@id":"https:\/\/www.hardlexgroup.com.tr\/#website","url":"https:\/\/www.hardlexgroup.com.tr\/","name":"Hardlex Group Artificial Intelligence","description":"\u00c7ok Y\u00f6nl\u00fc Yapay Zeka \u00c7\u00f6z\u00fcmleri","publisher":{"@id":"https:\/\/www.hardlexgroup.com.tr\/#organization"},"potentialAction":[{"@type":"SearchAction","target":{"@type":"EntryPoint","urlTemplate":"https:\/\/www.hardlexgroup.com.tr\/?s={search_term_string}"},"query-input":{"@type":"PropertyValueSpecification","valueRequired":true,"valueName":"search_term_string"}}],"inLanguage":"tr"},{"@type":"Organization","@id":"https:\/\/www.hardlexgroup.com.tr\/#organization","name":"Hardlex Group Artificial Intelligence | T\u00fcrkiye Lider Yapay Zeka \u015eirketi","url":"https:\/\/www.hardlexgroup.com.tr\/","logo":{"@type":"ImageObject","inLanguage":"tr","@id":"https:\/\/www.hardlexgroup.com.tr\/#\/schema\/logo\/image\/","url":"https:\/\/www.hardlexgroup.com.tr\/wp-content\/uploads\/2024\/09\/H2D-fotor-20240920143715.png","contentUrl":"https:\/\/www.hardlexgroup.com.tr\/wp-content\/uploads\/2024\/09\/H2D-fotor-20240920143715.png","width":654,"height":654,"caption":"Hardlex Group Artificial Intelligence | T\u00fcrkiye Lider Yapay Zeka \u015eirketi"},"image":{"@id":"https:\/\/www.hardlexgroup.com.tr\/#\/schema\/logo\/image\/"}}]}},"_links":{"self":[{"href":"https:\/\/www.hardlexgroup.com.tr\/tr\/wp-json\/wp\/v2\/pages\/975","targetHints":{"allow":["GET"]}}],"collection":[{"href":"https:\/\/www.hardlexgroup.com.tr\/tr\/wp-json\/wp\/v2\/pages"}],"about":[{"href":"https:\/\/www.hardlexgroup.com.tr\/tr\/wp-json\/wp\/v2\/types\/page"}],"author":[{"embeddable":true,"href":"https:\/\/www.hardlexgroup.com.tr\/tr\/wp-json\/wp\/v2\/users\/1"}],"replies":[{"embeddable":true,"href":"https:\/\/www.hardlexgroup.com.tr\/tr\/wp-json\/wp\/v2\/comments?post=975"}],"version-history":[{"count":16,"href":"https:\/\/www.hardlexgroup.com.tr\/tr\/wp-json\/wp\/v2\/pages\/975\/revisions"}],"predecessor-version":[{"id":994,"href":"https:\/\/www.hardlexgroup.com.tr\/tr\/wp-json\/wp\/v2\/pages\/975\/revisions\/994"}],"wp:attachment":[{"href":"https:\/\/www.hardlexgroup.com.tr\/tr\/wp-json\/wp\/v2\/media?parent=975"}],"curies":[{"name":"wp","href":"https:\/\/api.w.org\/{rel}","templated":true}]}}